{"id":188,"date":"2022-02-14T08:41:14","date_gmt":"2022-02-14T07:41:14","guid":{"rendered":"https:\/\/transylvanian-wood-pastures.eu\/?page_id=188"},"modified":"2022-09-07T14:30:36","modified_gmt":"2022-09-07T12:30:36","slug":"proiecte-ulterioare","status":"publish","type":"page","link":"https:\/\/transylvanian-wood-pastures.eu\/ro\/proiecte-ulterioare\/","title":{"rendered":"Proiecte aferente"},"content":{"rendered":"<div class=\"wpb-content-wrapper\"><p>[vc_row][vc_column][vc_empty_space][\/vc_column][\/vc_row][vc_row css_animation=&#8221;fadeIn&#8221;][vc_column width=&#8221;1\/3&#8243;][vc_single_image image=&#8221;1068&#8243; img_size=&#8221;200&#215;200&#8243; alignment=&#8221;center&#8221; style=&#8221;vc_box_circle_2&#8243; onclick=&#8221;custom_link&#8221; img_link_target=&#8221;_blank&#8221; link=&#8221;https:\/\/arboriremarcabili.ro\/ro\/despre-proiect\/&#8221;][vc_toggle title=&#8221;arboriremarcabili.ro&#8221; style=&#8221;arrow&#8221; color=&#8221;white&#8221; size=&#8221;lg&#8221; custom_font_container=&#8221;tag:h4|text_align:center|color:%23ffffff&#8221; custom_use_theme_fonts=&#8221;yes&#8221; use_custom_heading=&#8221;true&#8221; css=&#8221;.vc_custom_1662553565884{padding-top: 15px !important;padding-right: 15px !important;padding-bottom: 15px !important;padding-left: 15px !important;background-color: #5ca172 !important;border-radius: 5px !important;}&#8221;]<span style=\"color: #ffffff;\">Acest poiect este dedicat conserv\u0103rii \u0219i sustenabilit\u0103\u021bii arborilor b\u0103tr\u00e2ni din Rom\u00e2nia. Ne referim la ace\u0219ti arbori ca &#8222;remarcabili&#8221;, din cauza multiplelor func\u021bii sociale \u0219i ecologice ale lor.\u00a0Arbori remarcabili pot fi g\u0103si\u021bi peste tot, de la ora\u0219e la p\u0103\u0219uni, \u00een parcuri \u0219i \u0219antiere vechi \u0219i p\u0103duri. Indiferent de loca\u021bia lor, ace\u0219ti arbori au mai multe valori culturale, istorice \u0219i ecologice, arborii b\u0103tr\u00e2ni fiind structuri cheie \u00een ecosisteme, spre exemplu prin faptul c\u0103 ofer\u0103 habitat pentru multe organisme.<\/span>[\/vc_toggle][\/vc_column][vc_column width=&#8221;1\/3&#8243;][vc_single_image image=&#8221;1074&#8243; img_size=&#8221;200&#215;200&#8243; alignment=&#8221;center&#8221; style=&#8221;vc_box_circle_2&#8243; onclick=&#8221;custom_link&#8221; img_link_target=&#8221;_blank&#8221; link=&#8221;http:\/\/keyline-agroforst.de&#8221;][vc_toggle title=&#8221;keyline-agroforst.de&#8221; style=&#8221;arrow&#8221; color=&#8221;white&#8221; size=&#8221;lg&#8221; custom_font_container=&#8221;tag:h4|text_align:center|color:%23ffffff&#8221; custom_use_theme_fonts=&#8221;yes&#8221; use_custom_heading=&#8221;true&#8221; css=&#8221;.vc_custom_1662553599636{padding-top: 15px !important;padding-right: 15px !important;padding-bottom: 15px !important;padding-left: 15px !important;background-color: #5ca172 !important;border-radius: 5px !important;}&#8221;]<span style=\"color: #ffffff;\">Din cauza secetei estivale din ce \u00een ce mai accentuate din ultimii ani, \u00een multe locuri din lan\u021burile muntoase joase exist\u0103 un risc tot mai mare ca cultivarea versan\u021bilor valoro\u0219i din punct de vedere ecologic s\u0103 devin\u0103 nerentabil\u0103, iar agricultorii s\u0103 renun\u021be. Ca urmare, aceste zone devin supraaglomerate \u0219i se transform\u0103 \u00eencet \u00eentr-o p\u0103dure (succesiune) sau sunt re\u00eemp\u0103durite direct. Scopul proiectului este de a dezvolta un concept de viitor pentru dealurile cu biodiversitate ridicat\u0103. Proiectul EvA este menit s\u0103 ofere un r\u0103spuns la provoc\u0103rile din ce \u00een ce mai mari din domeniul adapt\u0103rii la schimb\u0103rile climatice, al protec\u021biei mediului \u0219i al eficien\u021bei economice.<\/span>[\/vc_toggle][\/vc_column][vc_column width=&#8221;1\/3&#8243;][vc_single_image image=&#8221;1079&#8243; img_size=&#8221;200&#215;200&#8243; alignment=&#8221;center&#8221; style=&#8221;vc_box_circle_2&#8243; onclick=&#8221;custom_link&#8221; img_link_target=&#8221;_blank&#8221; link=&#8221;http:\/\/wertvoll.stoffstrom.org&#8221;][vc_toggle title=&#8221;wertvoll.stoffstrom.org&#8221; style=&#8221;arrow&#8221; color=&#8221;white&#8221; size=&#8221;lg&#8221; custom_font_container=&#8221;tag:h4|text_align:center|color:%23ffffff&#8221; custom_use_theme_fonts=&#8221;yes&#8221; use_custom_heading=&#8221;true&#8221; css=&#8221;.vc_custom_1662553630342{padding-top: 15px !important;padding-right: 15px !important;padding-bottom: 15px !important;padding-left: 15px !important;background-color: #5ca172 !important;border-radius: 5px !important;}&#8221;]<span style=\"color: #ffffff;\">WERTvoll este un proiect de cercetare comun al Ministerului Federal al Educa\u021biei \u0219i Cercet\u0103rii (BMBF) \u0219i se ocup\u0103 de o strategie de cooperare de utilizare a terenurilor \u00eentre ora\u0219 \u0219i zona \u00eenconjur\u0103toare. Printre altele, contribuie la implementarea Directivei-cadru a UE privind apa \u0219i conservarea terenurilor agricole cu compensare integrat\u0103 \u00een produc\u021bie (PIK), oferind astfel hran\u0103 s\u0103n\u0103toas\u0103, regional\u0103 \u0219i bioenergie ecologic\u0103. Aici se pune accent pe dezvoltarea sistemelor moderne de agrosilvicultur\u0103 pe terenurile arabile \u0219i de-a lungul corpurilor de ap\u0103.<\/span>[\/vc_toggle][\/vc_column][\/vc_row]<\/p>\n<\/div>","protected":false},"excerpt":{"rendered":"<p>[vc_row][vc_column][vc_empty_space][\/vc_column][\/vc_row][vc_row css_animation=&#8221;fadeIn&#8221;][vc_column width=&#8221;1\/3&#8243;][vc_single_image image=&#8221;1068&#8243; img_size=&#8221;200&#215;200&#8243; alignment=&#8221;center&#8221; style=&#8221;vc_box_circle_2&#8243; onclick=&#8221;custom_link&#8221; img_link_target=&#8221;_blank&#8221; link=&#8221;https:\/\/arboriremarcabili.ro\/ro\/despre-proiect\/&#8221;][vc_toggle title=&#8221;arboriremarcabili.ro&#8221; style=&#8221;arrow&#8221; color=&#8221;white&#8221; size=&#8221;lg&#8221; custom_font_container=&#8221;tag:h4|text_align:center|color:%23ffffff&#8221; custom_use_theme_fonts=&#8221;yes&#8221; use_custom_heading=&#8221;true&#8221; css=&#8221;.vc_custom_1662553565884{padding-top: 15px !important;padding-right: 15px !important;padding-bottom: 15px !important;padding-left: 15px [&hellip;]<\/p>\n","protected":false},"author":1,"featured_media":0,"parent":0,"menu_order":0,"comment_status":"closed","ping_status":"closed","template":"","meta":{"site-sidebar-layout":"default","site-content-layout":"default","ast-site-content-layout":"default","site-content-style":"default","site-sidebar-style":"default","ast-global-header-display":"","ast-banner-title-visibility":"","ast-main-header-display":"","ast-hfb-above-header-display":"","ast-hfb-below-header-display":"","ast-hfb-mobile-header-display":"","site-post-title":"","ast-breadcrumbs-content":"","ast-featured-img":"","footer-sml-layout":"","ast-disable-related-posts":"","theme-transparent-header-meta":"default","adv-header-id-meta":"","stick-header-meta":"default","header-above-stick-meta":"","header-main-stick-meta":"","header-below-stick-meta":"","astra-migrate-meta-layouts":"default","ast-page-background-enabled":"default","ast-page-background-meta":{"desktop":{"background-color":"var(--ast-global-color-4)","background-image":"","background-repeat":"repeat","background-position":"center center","background-size":"auto","background-attachment":"scroll","background-type":"","background-media":"","overlay-type":"","overlay-color":"","overlay-opacity":"","overlay-gradient":""},"tablet":{"background-color":"","background-image":"","background-repeat":"repeat","background-position":"center center","background-size":"auto","background-attachment":"scroll","background-type":"","background-media":"","overlay-type":"","overlay-color":"","overlay-opacity":"","overlay-gradient":""},"mobile":{"background-color":"","background-image":"","background-repeat":"repeat","background-position":"center center","background-size":"auto","background-attachment":"scroll","background-type":"","background-media":"","overlay-type":"","overlay-color":"","overlay-opacity":"","overlay-gradient":""}},"ast-content-background-meta":{"desktop":{"background-color":"var(--ast-global-color-5)","background-image":"","background-repeat":"repeat","background-position":"center center","background-size":"auto","background-attachment":"scroll","background-type":"","background-media":"","overlay-type":"","overlay-color":"","overlay-opacity":"","overlay-gradient":""},"tablet":{"background-color":"var(--ast-global-color-5)","background-image":"","background-repeat":"repeat","background-position":"center center","background-size":"auto","background-attachment":"scroll","background-type":"","background-media":"","overlay-type":"","overlay-color":"","overlay-opacity":"","overlay-gradient":""},"mobile":{"background-color":"var(--ast-global-color-5)","background-image":"","background-repeat":"repeat","background-position":"center center","background-size":"auto","background-attachment":"scroll","background-type":"","background-media":"","overlay-type":"","overlay-color":"","overlay-opacity":"","overlay-gradient":""}},"footnotes":""},"class_list":["post-188","page","type-page","status-publish","hentry"],"_links":{"self":[{"href":"https:\/\/transylvanian-wood-pastures.eu\/ro\/wp-json\/wp\/v2\/pages\/188","targetHints":{"allow":["GET"]}}],"collection":[{"href":"https:\/\/transylvanian-wood-pastures.eu\/ro\/wp-json\/wp\/v2\/pages"}],"about":[{"href":"https:\/\/transylvanian-wood-pastures.eu\/ro\/wp-json\/wp\/v2\/types\/page"}],"author":[{"embeddable":true,"href":"https:\/\/transylvanian-wood-pastures.eu\/ro\/wp-json\/wp\/v2\/users\/1"}],"replies":[{"embeddable":true,"href":"https:\/\/transylvanian-wood-pastures.eu\/ro\/wp-json\/wp\/v2\/comments?post=188"}],"version-history":[{"count":7,"href":"https:\/\/transylvanian-wood-pastures.eu\/ro\/wp-json\/wp\/v2\/pages\/188\/revisions"}],"predecessor-version":[{"id":1094,"href":"https:\/\/transylvanian-wood-pastures.eu\/ro\/wp-json\/wp\/v2\/pages\/188\/revisions\/1094"}],"wp:attachment":[{"href":"https:\/\/transylvanian-wood-pastures.eu\/ro\/wp-json\/wp\/v2\/media?parent=188"}],"curies":[{"name":"wp","href":"https:\/\/api.w.org\/{rel}","templated":true}]}}