{"id":177,"date":"2022-02-14T08:33:47","date_gmt":"2022-02-14T07:33:47","guid":{"rendered":"https:\/\/transylvanian-wood-pastures.eu\/?page_id=177"},"modified":"2024-01-06T21:09:17","modified_gmt":"2024-01-06T20:09:17","slug":"prezentarea-partenerilor","status":"publish","type":"page","link":"https:\/\/transylvanian-wood-pastures.eu\/ro\/prezentarea-partenerilor\/","title":{"rendered":"Parteneri"},"content":{"rendered":"<div class=\"wpb-content-wrapper\"><p>[vc_row][vc_column width=&#8221;1\/2&#8243;][vc_single_image image=&#8221;133&#8243; img_size=&#8221;medium&#8221; alignment=&#8221;center&#8221; onclick=&#8221;custom_link&#8221; img_link_target=&#8221;_blank&#8221; css_animation=&#8221;fadeIn&#8221; link=&#8221;https:\/\/www.stoffstrom.org\/&#8221;][\/vc_column][vc_column width=&#8221;1\/2&#8243; offset=&#8221;vc_hidden-xs&#8221;][vc_single_image image=&#8221;481&#8243; img_size=&#8221;medium&#8221; alignment=&#8221;center&#8221; onclick=&#8221;custom_link&#8221; img_link_target=&#8221;_blank&#8221; css_animation=&#8221;fadeIn&#8221; link=&#8221;https:\/\/www.ubbcluj.ro\/ro\/&#8221;][\/vc_column][\/vc_row][vc_row][vc_column width=&#8221;1\/2&#8243;][vc_column_text css_animation=&#8221;fadeIn&#8221;]<strong>Coordinatorul proiectului<\/strong><\/p>\n<p>IfaS este un institute de cercetare al Universit\u0103\u021bii din Trier, care, la r\u00e2ndul s\u0103u, este o corpora\u021bie public\u0103.<\/p>\n<p>IfaS se ocup\u0103 de analiza fluxurilor de materiale \u0219i energie la nivel regional \u0219i opera\u021bional, de identificarea poten\u021bialului de optimizare \u0219i de ini\u021bierea implement\u0103rii. Scopul este de a cre\u0219te valoarea ad\u0103ugat\u0103, reduc\u00e2nd \u00een acela\u0219i timp poluarea mediului. Domeniul de dezvoltare a biomasei \u0219i a peisajului cultural se refer\u0103 \u00een primul r\u00e2nd la sistemele de utilizare multipl\u0103 care combin\u0103 serviciile ecosistemice cu produc\u021bia de materii prime viabile din punct de vedere economic pe o suprafa\u021b\u0103 utilizat\u0103 \u00een scopuri agricole. Exist\u0103 o gam\u0103 larg\u0103 de experien\u021be \u00een ceea ce prive\u0219te simularea c\u0103ilor de scurgere \u00een cazul eroziunii apei, precum \u0219i \u00een ceea ce prive\u0219te planificarea \u0219i \u00eenfiin\u021barea de sisteme agroforestiere pe terenuri agricole.<\/p>\n<p>\u00cen plus, exist\u0103 cuno\u0219tin\u021be extinse \u00een ceea ce prive\u0219te utilizarea produselor, precum \u0219i analiza economic\u0103 a serviciilor de mediu (de exemplu, biodiversitatea, re\u021beaua de biotopuri, compensarea integrat\u0103 \u00een produc\u021bie, controlul eroziunii). Echipa de proiect este foarte experimentat\u0103 \u00een ceea ce prive\u0219te schimbul \u0219i transferul de cuno\u0219tin\u021be \u0219i de multi ani sprijin\u0103 fermele \u00een stabilirea \u0219i utilizarea sistemelor agroforestiere. Se acord\u0103 o mare importan\u021b\u0103 comunic\u0103rii \u00eentre fermele conven\u021bionale \u0219i cele ecologice \u0219i lucrului cu to\u021bi partenerii.[\/vc_column_text][\/vc_column][vc_column width=&#8221;1\/2&#8243; offset=&#8221;vc_hidden-xs&#8221;][vc_column_text css_animation=&#8221;fadeIn&#8221;]<strong>Partener de cooperare<\/strong><\/p>\n<p>Universitatea Babe\u0219-Bolyai Cluj-Napoca (UBB) este o institu\u021bie public\u0103 de \u00eenv\u0103\u021b\u0103m\u00e2nt superior a c\u0103rei misiune este de a promova \u0219i sus\u021bine dezvoltarea componentelor culturale specifice \u00een comunitatea local\u0103, regional\u0103, na\u021bional\u0103 \u0219i interna\u021bional\u0103. Este una dintre cele mai bune institu\u021bii din Rom\u00e2nia, situ\u00e2ndu-se constant \u00eentre primele 5 \u00een clasamentele na\u021bionale \u00een ceea ce prive\u0219te performan\u021ba academic\u0103 \u0219i de cercetare. UBB consider\u0103 cercetarea \u0219tiin\u021bific\u0103 drept una dintre principalele sale misiuni, cercetarea fiind principalul criteriu de evaluare a rangului academic.[\/vc_column_text][\/vc_column][\/vc_row][vc_row][vc_column offset=&#8221;vc_hidden-lg vc_hidden-md vc_hidden-sm&#8221;][vc_empty_space height=&#8221;45px&#8221;][vc_single_image image=&#8221;481&#8243; img_size=&#8221;medium&#8221; alignment=&#8221;center&#8221; onclick=&#8221;custom_link&#8221; img_link_target=&#8221;_blank&#8221; css_animation=&#8221;fadeIn&#8221; link=&#8221;https:\/\/www.ubbcluj.ro\/ro\/&#8221;][vc_column_text css_animation=&#8221;fadeIn&#8221;]<strong>Partener de cooperare<\/strong><\/p>\n<p>Universitatea Babe\u0219-Bolyai Cluj-Napoca (UBB) este o institu\u021bie public\u0103 de \u00eenv\u0103\u021b\u0103m\u00e2nt superior a c\u0103rei misiune este de a promova \u0219i sus\u021bine dezvoltarea componentelor culturale specifice \u00een comunitatea local\u0103, regional\u0103, na\u021bional\u0103 \u0219i interna\u021bional\u0103. Este una dintre cele mai bune institu\u021bii din Rom\u00e2nia, situ\u00e2ndu-se constant \u00eentre primele 5 \u00een clasamentele na\u021bionale \u00een ceea ce prive\u0219te performan\u021ba academic\u0103 \u0219i de cercetare. UBB consider\u0103 cercetarea \u0219tiin\u021bific\u0103 drept una dintre principalele sale misiuni, cercetarea fiind principalul criteriu de evaluare a rangului academic.[\/vc_column_text][\/vc_column][\/vc_row]<\/p>\n<\/div>","protected":false},"excerpt":{"rendered":"<p>[vc_row][vc_column width=&#8221;1\/2&#8243;][vc_single_image image=&#8221;133&#8243; img_size=&#8221;medium&#8221; alignment=&#8221;center&#8221; onclick=&#8221;custom_link&#8221; img_link_target=&#8221;_blank&#8221; css_animation=&#8221;fadeIn&#8221; link=&#8221;https:\/\/www.stoffstrom.org\/&#8221;][\/vc_column][vc_column width=&#8221;1\/2&#8243; offset=&#8221;vc_hidden-xs&#8221;][vc_single_image image=&#8221;481&#8243; img_size=&#8221;medium&#8221; alignment=&#8221;center&#8221; onclick=&#8221;custom_link&#8221; img_link_target=&#8221;_blank&#8221; css_animation=&#8221;fadeIn&#8221; link=&#8221;https:\/\/www.ubbcluj.ro\/ro\/&#8221;][\/vc_column][\/vc_row][vc_row][vc_column width=&#8221;1\/2&#8243;][vc_column_text css_animation=&#8221;fadeIn&#8221;]Coordinatorul proiectului IfaS este un institute [&hellip;]<\/p>\n","protected":false},"author":1,"featured_media":0,"parent":0,"menu_order":0,"comment_status":"closed","ping_status":"closed","template":"","meta":{"site-sidebar-layout":"default","site-content-layout":"default","ast-site-content-layout":"default","site-content-style":"default","site-sidebar-style":"default","ast-global-header-display":"","ast-banner-title-visibility":"","ast-main-header-display":"","ast-hfb-above-header-display":"","ast-hfb-below-header-display":"","ast-hfb-mobile-header-display":"","site-post-title":"","ast-breadcrumbs-content":"","ast-featured-img":"","footer-sml-layout":"","ast-disable-related-posts":"","theme-transparent-header-meta":"default","adv-header-id-meta":"","stick-header-meta":"default","header-above-stick-meta":"","header-main-stick-meta":"","header-below-stick-meta":"","astra-migrate-meta-layouts":"set","ast-page-background-enabled":"default","ast-page-background-meta":{"desktop":{"background-color":"var(--ast-global-color-4)","background-image":"","background-repeat":"repeat","background-position":"center center","background-size":"auto","background-attachment":"scroll","background-type":"","background-media":"","overlay-type":"","overlay-color":"","overlay-opacity":"","overlay-gradient":""},"tablet":{"background-color":"","background-image":"","background-repeat":"repeat","background-position":"center center","background-size":"auto","background-attachment":"scroll","background-type":"","background-media":"","overlay-type":"","overlay-color":"","overlay-opacity":"","overlay-gradient":""},"mobile":{"background-color":"","background-image":"","background-repeat":"repeat","background-position":"center center","background-size":"auto","background-attachment":"scroll","background-type":"","background-media":"","overlay-type":"","overlay-color":"","overlay-opacity":"","overlay-gradient":""}},"ast-content-background-meta":{"desktop":{"background-color":"var(--ast-global-color-5)","background-image":"","background-repeat":"repeat","background-position":"center center","background-size":"auto","background-attachment":"scroll","background-type":"","background-media":"","overlay-type":"","overlay-color":"","overlay-opacity":"","overlay-gradient":""},"tablet":{"background-color":"var(--ast-global-color-5)","background-image":"","background-repeat":"repeat","background-position":"center center","background-size":"auto","background-attachment":"scroll","background-type":"","background-media":"","overlay-type":"","overlay-color":"","overlay-opacity":"","overlay-gradient":""},"mobile":{"background-color":"var(--ast-global-color-5)","background-image":"","background-repeat":"repeat","background-position":"center center","background-size":"auto","background-attachment":"scroll","background-type":"","background-media":"","overlay-type":"","overlay-color":"","overlay-opacity":"","overlay-gradient":""}},"footnotes":""},"class_list":["post-177","page","type-page","status-publish","hentry"],"_links":{"self":[{"href":"https:\/\/transylvanian-wood-pastures.eu\/ro\/wp-json\/wp\/v2\/pages\/177","targetHints":{"allow":["GET"]}}],"collection":[{"href":"https:\/\/transylvanian-wood-pastures.eu\/ro\/wp-json\/wp\/v2\/pages"}],"about":[{"href":"https:\/\/transylvanian-wood-pastures.eu\/ro\/wp-json\/wp\/v2\/types\/page"}],"author":[{"embeddable":true,"href":"https:\/\/transylvanian-wood-pastures.eu\/ro\/wp-json\/wp\/v2\/users\/1"}],"replies":[{"embeddable":true,"href":"https:\/\/transylvanian-wood-pastures.eu\/ro\/wp-json\/wp\/v2\/comments?post=177"}],"version-history":[{"count":8,"href":"https:\/\/transylvanian-wood-pastures.eu\/ro\/wp-json\/wp\/v2\/pages\/177\/revisions"}],"predecessor-version":[{"id":2314,"href":"https:\/\/transylvanian-wood-pastures.eu\/ro\/wp-json\/wp\/v2\/pages\/177\/revisions\/2314"}],"wp:attachment":[{"href":"https:\/\/transylvanian-wood-pastures.eu\/ro\/wp-json\/wp\/v2\/media?parent=177"}],"curies":[{"name":"wp","href":"https:\/\/api.w.org\/{rel}","templated":true}]}}