{"id":164,"date":"2022-02-14T08:29:38","date_gmt":"2022-02-14T07:29:38","guid":{"rendered":"https:\/\/transylvanian-wood-pastures.eu\/?page_id=164"},"modified":"2022-07-05T15:17:56","modified_gmt":"2022-07-05T13:17:56","slug":"aria-de-desfasurare","status":"publish","type":"page","link":"https:\/\/transylvanian-wood-pastures.eu\/ro\/descrierea-proiectului\/aria-de-desfasurare\/","title":{"rendered":"Aria de desf\u0103\u0219urare"},"content":{"rendered":"<div class=\"wpb-content-wrapper\"><p>[vc_row][vc_column][vc_column_text css_animation=&#8221;fadeIn&#8221;]Aria de desf\u0103\u0219urare a acestui proiect este regiunea Transilvania a Rom\u00e2niei, precum \u0219i zonele adiacente ale acestei regiuni. Regiunea acoperit\u0103 de acest studiu are cel mai mare num\u0103r de p\u0103\u0219uni cu arbori din Europa Central\u0103 \u0219i de Est, precum \u0219i din Rom\u00e2nia.<\/p>\n<p>Am decis s\u0103 ne extindem pe aceast\u0103 regiune din trei motive principale: primul motiv este c\u0103 ceea ce numim \u00een mod generic \u201eTransilvania\u201d cuprinde mai multe sub-regiuni bioculturale care pot avea p\u0103\u0219uni cu arbori caracteristice care nu au fost \u00eenc\u0103 explorate. Acesta ne permite s\u0103 realiz\u0103m un inventor reprezentativ, bazat pe un num\u0103r mare de p\u0103\u0219uni cu arbori. Al doilea motiv este c\u0103 timpul scurt al acestui proiect (2 ani), combinat cu diversitatea activit\u0103\u021bilor (prezentate \u00een sec\u021biunea Pachete de lucru) nu ne permite o evaluare national\u0103 a p\u0103\u0219unilor cu arbori. Al treilea motiv este c\u0103 regiunea abordat\u0103 este cea despre care avem cuno\u0219tin\u021be preliminare destul de solide precum \u0219i leg\u0103turi bine formate \u00een unele comunit\u0103\u021bi locale. Pe acest fond credem c\u0103 ideile \u0219i abord\u0103rile noi propuse \u00een acest proiect pot fi abordate \u0219i obiectivele stabilite pot fi atinse.<\/p>\n<p>Proiectul de fa\u021b\u0103 vizeaz\u0103 p\u0103\u0219unile cu arbori din zona de c\u00e2mpie \u0219i de deal, unde domin\u0103 p\u0103durile de foioase. Zona montan\u0103 care este bine reprezentat\u0103 \u00een Rom\u00e2nia \u0219i \u00een Transilvania, dominate de p\u0103duri de conifere a fost de asemenea ignorat\u0103 datorit\u0103 lipsei resurselor.<\/p>\n<p>Materialele realizate \u0219i puse la dispozi\u021bie pe aceast\u0103 platform\u0103 au scopul de a inspira initiative locale \u0219i din regiunile care nu au fost acoperite de acest proiect.[\/vc_column_text][\/vc_column][\/vc_row]<\/p>\n<\/div>","protected":false},"excerpt":{"rendered":"<p>[vc_row][vc_column][vc_column_text css_animation=&#8221;fadeIn&#8221;]Aria de desf\u0103\u0219urare a acestui proiect este regiunea Transilvania a Rom\u00e2niei, precum \u0219i zonele adiacente ale acestei regiuni. Regiunea acoperit\u0103 de acest studiu are [&hellip;]<\/p>\n","protected":false},"author":1,"featured_media":0,"parent":168,"menu_order":0,"comment_status":"closed","ping_status":"closed","template":"","meta":{"site-sidebar-layout":"no-sidebar","site-content-layout":"plain-container","ast-site-content-layout":"default","site-content-style":"default","site-sidebar-style":"default","ast-global-header-display":"","ast-banner-title-visibility":"","ast-main-header-display":"","ast-hfb-above-header-display":"","ast-hfb-below-header-display":"","ast-hfb-mobile-header-display":"","site-post-title":"","ast-breadcrumbs-content":"","ast-featured-img":"disabled","footer-sml-layout":"","ast-disable-related-posts":"","theme-transparent-header-meta":"default","adv-header-id-meta":"","stick-header-meta":"default","header-above-stick-meta":"","header-main-stick-meta":"","header-below-stick-meta":"","astra-migrate-meta-layouts":"default","ast-page-background-enabled":"default","ast-page-background-meta":{"desktop":{"background-color":"var(--ast-global-color-4)","background-image":"","background-repeat":"repeat","background-position":"center center","background-size":"auto","background-attachment":"scroll","background-type":"","background-media":"","overlay-type":"","overlay-color":"","overlay-opacity":"","overlay-gradient":""},"tablet":{"background-color":"","background-image":"","background-repeat":"repeat","background-position":"center center","background-size":"auto","background-attachment":"scroll","background-type":"","background-media":"","overlay-type":"","overlay-color":"","overlay-opacity":"","overlay-gradient":""},"mobile":{"background-color":"","background-image":"","background-repeat":"repeat","background-position":"center center","background-size":"auto","background-attachment":"scroll","background-type":"","background-media":"","overlay-type":"","overlay-color":"","overlay-opacity":"","overlay-gradient":""}},"ast-content-background-meta":{"desktop":{"background-color":"var(--ast-global-color-5)","background-image":"","background-repeat":"repeat","background-position":"center center","background-size":"auto","background-attachment":"scroll","background-type":"","background-media":"","overlay-type":"","overlay-color":"","overlay-opacity":"","overlay-gradient":""},"tablet":{"background-color":"var(--ast-global-color-5)","background-image":"","background-repeat":"repeat","background-position":"center center","background-size":"auto","background-attachment":"scroll","background-type":"","background-media":"","overlay-type":"","overlay-color":"","overlay-opacity":"","overlay-gradient":""},"mobile":{"background-color":"var(--ast-global-color-5)","background-image":"","background-repeat":"repeat","background-position":"center center","background-size":"auto","background-attachment":"scroll","background-type":"","background-media":"","overlay-type":"","overlay-color":"","overlay-opacity":"","overlay-gradient":""}},"footnotes":""},"class_list":["post-164","page","type-page","status-publish","hentry"],"_links":{"self":[{"href":"https:\/\/transylvanian-wood-pastures.eu\/ro\/wp-json\/wp\/v2\/pages\/164","targetHints":{"allow":["GET"]}}],"collection":[{"href":"https:\/\/transylvanian-wood-pastures.eu\/ro\/wp-json\/wp\/v2\/pages"}],"about":[{"href":"https:\/\/transylvanian-wood-pastures.eu\/ro\/wp-json\/wp\/v2\/types\/page"}],"author":[{"embeddable":true,"href":"https:\/\/transylvanian-wood-pastures.eu\/ro\/wp-json\/wp\/v2\/users\/1"}],"replies":[{"embeddable":true,"href":"https:\/\/transylvanian-wood-pastures.eu\/ro\/wp-json\/wp\/v2\/comments?post=164"}],"version-history":[{"count":3,"href":"https:\/\/transylvanian-wood-pastures.eu\/ro\/wp-json\/wp\/v2\/pages\/164\/revisions"}],"predecessor-version":[{"id":774,"href":"https:\/\/transylvanian-wood-pastures.eu\/ro\/wp-json\/wp\/v2\/pages\/164\/revisions\/774"}],"up":[{"embeddable":true,"href":"https:\/\/transylvanian-wood-pastures.eu\/ro\/wp-json\/wp\/v2\/pages\/168"}],"wp:attachment":[{"href":"https:\/\/transylvanian-wood-pastures.eu\/ro\/wp-json\/wp\/v2\/media?parent=164"}],"curies":[{"name":"wp","href":"https:\/\/api.w.org\/{rel}","templated":true}]}}