{"id":158,"date":"2022-02-14T08:28:48","date_gmt":"2022-02-14T07:28:48","guid":{"rendered":"https:\/\/transylvanian-wood-pastures.eu\/?page_id=158"},"modified":"2022-07-05T15:35:06","modified_gmt":"2022-07-05T13:35:06","slug":"pachete-de-lucru","status":"publish","type":"page","link":"https:\/\/transylvanian-wood-pastures.eu\/ro\/descrierea-proiectului\/pachete-de-lucru\/","title":{"rendered":"Pachete de lucru"},"content":{"rendered":"<div class=\"wpb-content-wrapper\"><p>[vc_row][vc_column][vc_column_text css_animation=&#8221;fadeIn&#8221;]Toate pachetele de lucru vizeaz\u0103 optimizarea, dezvoltarea \u0219i comunicarea managementului practic al p\u0103\u0219unilor cu arbori din Rom\u00e2nia \u0219i ancorarea cuno\u0219tin\u021belor legate de managementul lor sustenabil \u00een dezvoltarea rural\u0103. Mai jos enumer\u0103m titlurile pachetelor de lucru (WP \u2013 work package) \u2013 care ar trebui \u00een\u021belese \u0219i ca teme generale abordate \u2013 ale fiec\u0103rui WP:<\/p>\n<ul>\n<li><strong>WP 1.<\/strong> <strong>Starea p\u0103\u0219unilor cu arbori: inventarierea \u0219i caracterizarea p\u0103\u0219unilor cu arbori.<\/strong> Metoda principal\u0103 de implementare a WP 1: dezvoltarea unui model conceptual \u0219i a unei metodologii pentru evaluarea bio-cultural\u0103 a p\u0103\u0219unilor cu arbori \u00een fiecare regiune biocultural\u0103 a Transilvaniei \u0219i \u00eemprejurimile acestei regiuni.<\/li>\n<li><strong>WP 2. <\/strong><strong>\u00cen\u021belegerea inova\u021biilor locale \u00een jurul p\u0103\u0219unilor cu arbori.<\/strong> Acest WP are dou\u0103 subcomponente:\n<ul>\n<li><em>WP 2a.<\/em> <em>Testare: P\u0103\u0219unile cu arbori \u00een dezvoltare rural\u0103 \/ bioeconomia rural\u0103.<\/em> Metoda principal\u0103 de implementare a WP 2a: dezvoltarea unui cadru conceptual \u0219i metodologic pentru a inventaria \u0219i a profila ini\u021biativele locale relevante pentru p\u0103\u0219unile cu arbori. Cuno\u0219tin\u021bele adunate din WP 1 vor fi, de asemenea, folosite pentru aceasta.<\/li>\n<li><em>WP 2b.<\/em> <em>Dezvoltare: Identificarea de noi op\u021biuni pentru gestionarea durabil\u0103 a p\u0103\u0219unilor cu arbori.<\/em> Metoda principal\u0103 de implementare a WP 2b: Sintetizarea informa\u021biilor adunate \u00een WP 2a \u0219i combinarea acestora cu cele mai bune cuno\u0219tin\u021be \u0219tiin\u021bifice disponibile.<\/li>\n<\/ul>\n<\/li>\n<\/ul>\n<ul>\n<li><strong>WP 3.<\/strong> <strong>Protec\u021bie \u0219i extindere: re\u021bea de ini\u021biative locale pentru p\u0103\u0219unile cu arbori.<\/strong> Metoda principal\u0103 de implementare a WP 3: implementarea unei serii de ateliere cu utilizatorii \u0219i administratorii p\u0103\u0219unilor cu arbori, a\u0219a cum sunt identificate \u00een WP 1 \u0219i WP 2a. Aceste ateliere se vor baza pe informa\u021biile adunate din WP-urile anterioare \u0219i se vor completa cu exerci\u021bii care vizeaz\u0103 viitorul durabil al p\u0103\u0219unilor cu arbori \u00eentr-un context social-ecologic.<\/li>\n<\/ul>\n<ul>\n<li><strong>WP 4.<\/strong> <strong>Cuno\u0219tin\u021be pentru ac\u021biune: Ghid de bune practici, canal video \u0219i baz\u0103 de date despre p\u0103\u0219unile cu arbori.<\/strong> Metoda principal\u0103 de implementare a WP 4: vizite pe teren ale p\u0103\u0219unilor cu arbori reprezentative pentru regiunile culturale majore ale Transilvaniei \u0219i a regiunilor adiacente \u0219i generarea de filme cu dron\u0103, precum \u0219i interviuri cu utilizatori-cheie de p\u0103\u0219unilor cu arbori pe baza unui protocol bine stabilit. De asemenea, va fi realizat \u0219i disponibil online un catalog online cu mai multe p\u0103\u0219uni de lemn. Un ghid de bune practici pentru utilizarea p\u0103\u0219unilor cu arbori va fi de asemenea dezvoltat\u0103.<\/li>\n<li><strong>WP 5.<\/strong> <strong>Servicii ecosistemice culturale: Recomand\u0103ri pentru politici \u0219i administra\u021bie la nivel na\u021bional \u0219i european.<\/strong> Metoda principal\u0103 de implementare a WP 5: Pe baza cuno\u0219tin\u021belor \u0219i perspectivelor adunate din WP 1-4, completate cu cuno\u0219tin\u021bele din literatura \u0219tiin\u021bific\u0103, vom realiza un ghid de bune practici pentru cre\u0219terea serviciilor ecosistemice culturale ale p\u0103\u0219unilor cu arbori<\/li>\n<\/ul>\n<p>[\/vc_column_text][\/vc_column][\/vc_row]<\/p>\n<\/div>","protected":false},"excerpt":{"rendered":"<p>[vc_row][vc_column][vc_column_text css_animation=&#8221;fadeIn&#8221;]Toate pachetele de lucru vizeaz\u0103 optimizarea, dezvoltarea \u0219i comunicarea managementului practic al p\u0103\u0219unilor cu arbori din Rom\u00e2nia \u0219i ancorarea cuno\u0219tin\u021belor legate de managementul lor [&hellip;]<\/p>\n","protected":false},"author":1,"featured_media":0,"parent":168,"menu_order":0,"comment_status":"closed","ping_status":"closed","template":"","meta":{"site-sidebar-layout":"default","site-content-layout":"default","ast-site-content-layout":"default","site-content-style":"default","site-sidebar-style":"default","ast-global-header-display":"","ast-banner-title-visibility":"","ast-main-header-display":"","ast-hfb-above-header-display":"","ast-hfb-below-header-display":"","ast-hfb-mobile-header-display":"","site-post-title":"","ast-breadcrumbs-content":"","ast-featured-img":"","footer-sml-layout":"","ast-disable-related-posts":"","theme-transparent-header-meta":"default","adv-header-id-meta":"","stick-header-meta":"default","header-above-stick-meta":"","header-main-stick-meta":"","header-below-stick-meta":"","astra-migrate-meta-layouts":"default","ast-page-background-enabled":"default","ast-page-background-meta":{"desktop":{"background-color":"var(--ast-global-color-4)","background-image":"","background-repeat":"repeat","background-position":"center center","background-size":"auto","background-attachment":"scroll","background-type":"","background-media":"","overlay-type":"","overlay-color":"","overlay-opacity":"","overlay-gradient":""},"tablet":{"background-color":"","background-image":"","background-repeat":"repeat","background-position":"center center","background-size":"auto","background-attachment":"scroll","background-type":"","background-media":"","overlay-type":"","overlay-color":"","overlay-opacity":"","overlay-gradient":""},"mobile":{"background-color":"","background-image":"","background-repeat":"repeat","background-position":"center center","background-size":"auto","background-attachment":"scroll","background-type":"","background-media":"","overlay-type":"","overlay-color":"","overlay-opacity":"","overlay-gradient":""}},"ast-content-background-meta":{"desktop":{"background-color":"var(--ast-global-color-5)","background-image":"","background-repeat":"repeat","background-position":"center center","background-size":"auto","background-attachment":"scroll","background-type":"","background-media":"","overlay-type":"","overlay-color":"","overlay-opacity":"","overlay-gradient":""},"tablet":{"background-color":"var(--ast-global-color-5)","background-image":"","background-repeat":"repeat","background-position":"center center","background-size":"auto","background-attachment":"scroll","background-type":"","background-media":"","overlay-type":"","overlay-color":"","overlay-opacity":"","overlay-gradient":""},"mobile":{"background-color":"var(--ast-global-color-5)","background-image":"","background-repeat":"repeat","background-position":"center center","background-size":"auto","background-attachment":"scroll","background-type":"","background-media":"","overlay-type":"","overlay-color":"","overlay-opacity":"","overlay-gradient":""}},"footnotes":""},"class_list":["post-158","page","type-page","status-publish","hentry"],"_links":{"self":[{"href":"https:\/\/transylvanian-wood-pastures.eu\/ro\/wp-json\/wp\/v2\/pages\/158","targetHints":{"allow":["GET"]}}],"collection":[{"href":"https:\/\/transylvanian-wood-pastures.eu\/ro\/wp-json\/wp\/v2\/pages"}],"about":[{"href":"https:\/\/transylvanian-wood-pastures.eu\/ro\/wp-json\/wp\/v2\/types\/page"}],"author":[{"embeddable":true,"href":"https:\/\/transylvanian-wood-pastures.eu\/ro\/wp-json\/wp\/v2\/users\/1"}],"replies":[{"embeddable":true,"href":"https:\/\/transylvanian-wood-pastures.eu\/ro\/wp-json\/wp\/v2\/comments?post=158"}],"version-history":[{"count":5,"href":"https:\/\/transylvanian-wood-pastures.eu\/ro\/wp-json\/wp\/v2\/pages\/158\/revisions"}],"predecessor-version":[{"id":783,"href":"https:\/\/transylvanian-wood-pastures.eu\/ro\/wp-json\/wp\/v2\/pages\/158\/revisions\/783"}],"up":[{"embeddable":true,"href":"https:\/\/transylvanian-wood-pastures.eu\/ro\/wp-json\/wp\/v2\/pages\/168"}],"wp:attachment":[{"href":"https:\/\/transylvanian-wood-pastures.eu\/ro\/wp-json\/wp\/v2\/media?parent=158"}],"curies":[{"name":"wp","href":"https:\/\/api.w.org\/{rel}","templated":true}]}}