{"id":993,"date":"2022-07-13T10:00:10","date_gmt":"2022-07-13T08:00:10","guid":{"rendered":"https:\/\/transylvanian-wood-pastures.eu\/?page_id=993"},"modified":"2022-07-13T10:00:10","modified_gmt":"2022-07-13T08:00:10","slug":"a-projekt-celja","status":"publish","type":"page","link":"https:\/\/transylvanian-wood-pastures.eu\/hu\/2265-2\/a-projekt-celja\/","title":{"rendered":"A projekt c\u00e9lja"},"content":{"rendered":"<div class=\"wpb-content-wrapper\"><p>[vc_row][vc_column][vc_column_text css_animation=&#8221;fadeIn&#8221;]<\/p>\n<figure id=\"attachment_703\" aria-describedby=\"caption-attachment-703\" style=\"width: 575px\" class=\"wp-caption alignright\"><img fetchpriority=\"high\" decoding=\"async\" class=\"wp-image-703\" src=\"https:\/\/transylvanian-wood-pastures.eu\/wp-content\/uploads\/2022\/07\/DSCF4278-B-300x200.jpg\" alt=\"\" width=\"575\" height=\"383\" srcset=\"https:\/\/transylvanian-wood-pastures.eu\/wp-content\/uploads\/2022\/07\/DSCF4278-B-300x200.jpg 300w, https:\/\/transylvanian-wood-pastures.eu\/wp-content\/uploads\/2022\/07\/DSCF4278-B-1024x683.jpg 1024w, https:\/\/transylvanian-wood-pastures.eu\/wp-content\/uploads\/2022\/07\/DSCF4278-B-768x512.jpg 768w, https:\/\/transylvanian-wood-pastures.eu\/wp-content\/uploads\/2022\/07\/DSCF4278-B-1536x1024.jpg 1536w, https:\/\/transylvanian-wood-pastures.eu\/wp-content\/uploads\/2022\/07\/DSCF4278-B-2048x1365.jpg 2048w, https:\/\/transylvanian-wood-pastures.eu\/wp-content\/uploads\/2022\/07\/DSCF4278-B-1320x880.jpg 1320w\" sizes=\"(max-width: 575px) 100vw, 575px\" \/><figcaption id=\"caption-attachment-703\" class=\"wp-caption-text\">\u00d6reg t\u00f6lgyf\u00e1k a Breite-tet\u0151n Segesv\u00e1r k\u00f6zel\u00e9ben<\/figcaption><\/figure>\n<p>A projekt \u00e1ltal\u00e1nos c\u00e9lja az erd\u00e9lyi f\u00e1slegel\u0151k \u00e1tfog\u00f3 sz\u00e1mbav\u00e9tele Rom\u00e1ni\u00e1ban annak \u00e9rdek\u00e9ben, hogy megismerj\u00fck \u00e9s meg\u00e9rts\u00fck a kult\u00far\u00f6kol\u00f3giai profiljukat, p\u00e9ld\u00e1kat gy\u0171jts\u00fcnk a j\u00f3l bev\u00e1lt gyakorlatokr\u00f3l<u>,<\/u> \u00e9s olyan gyakorlati \u00e9s alkalmazott term\u00e9szetv\u00e9delmi tan\u00e1csokat fogalmazhassunk meg amik ebben meg\u00e9rt\u00e9sben gy\u00f6kereznek. A projekt kombin\u00e1lja a k\u00fcl\u00f6nb\u00f6z\u0151 tudom\u00e1nyos ter\u00fcletek szak\u00e9rtelm\u00e9t (p\u00e9ld\u00e1ul \u00f6kol\u00f3gia, t\u00e1rsadalomtudom\u00e1nyok, gazdas\u00e1gtudom\u00e1nyok, agr\u00e1r-erd\u00e9szet, botanika, f\u00f6ldrajz, fenntarthat\u00f3s\u00e1gi tudom\u00e1nyok), valamint a f\u00e1slegel\u0151kkel foglalkoz\u00f3 \u00e9s azokat gondoz\u00f3 szakembereket (gazd\u00e1lkod\u00f3k \u00e9s azok k\u00fcl\u00f6nb\u00f6z\u0151 sz\u00f6vets\u00e9gei, \u00f6koturisztikai \u00e9s oktat\u00e1si kezdem\u00e9nyez\u00e9sek, helyi akci\u00f3csoportok, term\u00e9szetv\u00e9delmi int\u00e9zm\u00e9nyek). A tud\u00e1s elsaj\u00e1t\u00edt\u00e1sa diszciplin\u00e1ris, interdiszciplin\u00e1ris \u00e9s transzdiszciplin\u00e1ris eszk\u00f6z\u00f6kkel t\u00f6rt\u00e9nik.<\/p>\n<p>A projekt egy els\u0151sorban alkalmaz\u00e1sorient\u00e1lt ismereti ir\u00e1nyzatot k\u00edv\u00e1n elind\u00edtani az\u00e1ltal, hogy a kutat\u00e1sok \u00e9s esettanulm\u00e1nyok eredm\u00e9nyeit k\u00f6z\u00e9rthet\u0151 m\u00e9diumokon kereszt\u00fcl (sz\u00f6veg \u00e9s film form\u00e1j\u00e1ban) hozz\u00e1f\u00e9rhet\u0151v\u00e9 teszi a helyi k\u00f6z\u00f6ss\u00e9gek sz\u00e1m\u00e1ra, \u00e9s k\u00f6vetkez\u0151 l\u00e9p\u00e9sk\u00e9nt a politikai d\u00f6nt\u00e9shoz\u00f3k sz\u00e1m\u00e1ra is. Jelenleg Rom\u00e1nia valamennyi kultur\u00e1lis r\u00e9gi\u00f3j\u00e1nak k\u00e9rv\u00e9nyei t\u00fckr\u00f6zik, hogy gyakorlati, alkalmazhat\u00f3 tud\u00e1sra, \u00fatmutat\u00e1sra \u00e9s t\u00e1mogat\u00e1sra van sz\u00fcks\u00e9g ahhoz, hogy helyileg \u00f6sszef\u00fcgg\u0151 gazdas\u00e1gi \u00e9s term\u00e9szetv\u00e9delmi kezdem\u00e9nyez\u00e9seket hozzunk l\u00e9tre a fenntarthat\u00f3 vid\u00e9ki biogazdas\u00e1g szerint a f\u00e1slegel\u0151k \u00e9s az azokat birtokl\u00f3 helyi k\u00f6z\u00f6ss\u00e9gek jav\u00e1ra.<\/p>\n<p>[\/vc_column_text][\/vc_column][\/vc_row]<\/p>\n<\/div>","protected":false},"excerpt":{"rendered":"<p>[vc_row][vc_column][vc_column_text css_animation=&#8221;fadeIn&#8221;] A projekt \u00e1ltal\u00e1nos c\u00e9lja az erd\u00e9lyi f\u00e1slegel\u0151k \u00e1tfog\u00f3 sz\u00e1mbav\u00e9tele Rom\u00e1ni\u00e1ban annak \u00e9rdek\u00e9ben, hogy megismerj\u00fck \u00e9s meg\u00e9rts\u00fck a kult\u00far\u00f6kol\u00f3giai profiljukat, p\u00e9ld\u00e1kat gy\u0171jts\u00fcnk a j\u00f3l [&hellip;]<\/p>\n","protected":false},"author":4,"featured_media":0,"parent":2265,"menu_order":0,"comment_status":"closed","ping_status":"closed","template":"","meta":{"site-sidebar-layout":"no-sidebar","site-content-layout":"plain-container","ast-site-content-layout":"default","site-content-style":"default","site-sidebar-style":"default","ast-global-header-display":"","ast-banner-title-visibility":"","ast-main-header-display":"","ast-hfb-above-header-display":"","ast-hfb-below-header-display":"","ast-hfb-mobile-header-display":"","site-post-title":"","ast-breadcrumbs-content":"","ast-featured-img":"disabled","footer-sml-layout":"","ast-disable-related-posts":"","theme-transparent-header-meta":"default","adv-header-id-meta":"","stick-header-meta":"default","header-above-stick-meta":"","header-main-stick-meta":"","header-below-stick-meta":"","astra-migrate-meta-layouts":"default","ast-page-background-enabled":"default","ast-page-background-meta":{"desktop":{"background-color":"var(--ast-global-color-4)","background-image":"","background-repeat":"repeat","background-position":"center center","background-size":"auto","background-attachment":"scroll","background-type":"","background-media":"","overlay-type":"","overlay-color":"","overlay-opacity":"","overlay-gradient":""},"tablet":{"background-color":"","background-image":"","background-repeat":"repeat","background-position":"center center","background-size":"auto","background-attachment":"scroll","background-type":"","background-media":"","overlay-type":"","overlay-color":"","overlay-opacity":"","overlay-gradient":""},"mobile":{"background-color":"","background-image":"","background-repeat":"repeat","background-position":"center center","background-size":"auto","background-attachment":"scroll","background-type":"","background-media":"","overlay-type":"","overlay-color":"","overlay-opacity":"","overlay-gradient":""}},"ast-content-background-meta":{"desktop":{"background-color":"var(--ast-global-color-5)","background-image":"","background-repeat":"repeat","background-position":"center center","background-size":"auto","background-attachment":"scroll","background-type":"","background-media":"","overlay-type":"","overlay-color":"","overlay-opacity":"","overlay-gradient":""},"tablet":{"background-color":"var(--ast-global-color-5)","background-image":"","background-repeat":"repeat","background-position":"center center","background-size":"auto","background-attachment":"scroll","background-type":"","background-media":"","overlay-type":"","overlay-color":"","overlay-opacity":"","overlay-gradient":""},"mobile":{"background-color":"var(--ast-global-color-5)","background-image":"","background-repeat":"repeat","background-position":"center center","background-size":"auto","background-attachment":"scroll","background-type":"","background-media":"","overlay-type":"","overlay-color":"","overlay-opacity":"","overlay-gradient":""}},"footnotes":""},"class_list":["post-993","page","type-page","status-publish","hentry"],"_links":{"self":[{"href":"https:\/\/transylvanian-wood-pastures.eu\/hu\/wp-json\/wp\/v2\/pages\/993","targetHints":{"allow":["GET"]}}],"collection":[{"href":"https:\/\/transylvanian-wood-pastures.eu\/hu\/wp-json\/wp\/v2\/pages"}],"about":[{"href":"https:\/\/transylvanian-wood-pastures.eu\/hu\/wp-json\/wp\/v2\/types\/page"}],"author":[{"embeddable":true,"href":"https:\/\/transylvanian-wood-pastures.eu\/hu\/wp-json\/wp\/v2\/users\/4"}],"replies":[{"embeddable":true,"href":"https:\/\/transylvanian-wood-pastures.eu\/hu\/wp-json\/wp\/v2\/comments?post=993"}],"version-history":[{"count":6,"href":"https:\/\/transylvanian-wood-pastures.eu\/hu\/wp-json\/wp\/v2\/pages\/993\/revisions"}],"predecessor-version":[{"id":999,"href":"https:\/\/transylvanian-wood-pastures.eu\/hu\/wp-json\/wp\/v2\/pages\/993\/revisions\/999"}],"up":[{"embeddable":true,"href":"https:\/\/transylvanian-wood-pastures.eu\/hu\/wp-json\/wp\/v2\/pages\/2265"}],"wp:attachment":[{"href":"https:\/\/transylvanian-wood-pastures.eu\/hu\/wp-json\/wp\/v2\/media?parent=993"}],"curies":[{"name":"wp","href":"https:\/\/api.w.org\/{rel}","templated":true}]}}