{"id":1038,"date":"2022-07-21T10:39:25","date_gmt":"2022-07-21T08:39:25","guid":{"rendered":"https:\/\/transylvanian-wood-pastures.eu\/?page_id=1038"},"modified":"2024-01-06T21:07:24","modified_gmt":"2024-01-06T20:07:24","slug":"partnereink","status":"publish","type":"page","link":"https:\/\/transylvanian-wood-pastures.eu\/hu\/partnereink\/","title":{"rendered":"Partnereink"},"content":{"rendered":"<div class=\"wpb-content-wrapper\"><p>[vc_row][vc_column width=&#8221;1\/2&#8243;][vc_single_image image=&#8221;102&#8243; img_size=&#8221;medium&#8221; alignment=&#8221;center&#8221; onclick=&#8221;custom_link&#8221; img_link_target=&#8221;_blank&#8221; css_animation=&#8221;fadeIn&#8221; link=&#8221;https:\/\/www.stoffstrom.org\/&#8221;][\/vc_column][vc_column width=&#8221;1\/2&#8243; offset=&#8221;vc_hidden-xs&#8221;][vc_single_image image=&#8221;485&#8243; img_size=&#8221;medium&#8221; alignment=&#8221;center&#8221; onclick=&#8221;custom_link&#8221; img_link_target=&#8221;_blank&#8221; css_animation=&#8221;fadeIn&#8221; link=&#8221;https:\/\/www.ubbcluj.ro\/ge\/&#8221;][\/vc_column][\/vc_row][vc_row][vc_column width=&#8221;1\/2&#8243;][vc_column_text css_animation=&#8221;fadeIn&#8221;]<strong>Projektkoordin\u00e1tor<\/strong><\/p>\n<p>A Trieri Egyetem egy \u00e1llami egyetem, ennek alint\u00e9zm\u00e9nye az IfaS.<\/p>\n<p>Az IfaS az anyag- \u00e9s energia\u00e1raml\u00e1s region\u00e1lis \u00e9s operat\u00edv szint\u0171 elemz\u00e9s\u00e9\u00e9rt, az optimaliz\u00e1l\u00e1si lehet\u0151s\u00e9gek felismer\u00e9s\u00e9\u00e9rt \u00e9s a gyakorlatba \u00fcltet\u00e9s kezdem\u00e9nyez\u00e9s\u00e9\u00e9rt felel. C\u00e9lja k\u00f6rnyezetszennyez\u00e9s cs\u00f6kkent\u00e9se mellett a hozz\u00e1adott \u00e9rt\u00e9k n\u00f6vel\u00e9se. A biomassza- \u00e9s kult\u00fart\u00e1j-fejleszt\u00e9s els\u0151sorban olyan t\u00f6bbc\u00e9l\u00fa rendszerekkel foglalkozik, amelyek az \u00f6kosziszt\u00e9ma szolg\u00e1ltat\u00e1sokat a gazdas\u00e1gilag \u00e9letk\u00e9pes nyersanyagtermel\u00e9ssel kombin\u00e1lj\u00e1k mez\u0151gazdas\u00e1gi hasznos\u00edt\u00e1s\u00fa ter\u00fcleteken. Sz\u00e9lesk\u00f6r\u0171 tapasztalat \u00e1ll rendelkez\u00e9sre a v\u00edzer\u00f3zi\u00f3s lefoly\u00e1si utak szimul\u00e1ci\u00f3j\u00e1ban, valamint az agr\u00e1r-erd\u00e9szeti rendszerek tervez\u00e9s\u00e9ben \u00e9s kialak\u00edt\u00e1s\u00e1ban mez\u0151gazdas\u00e1gi ter\u00fcleteken.<\/p>\n<p>Emellett \u00e1tfog\u00f3 ismereteik vannak a term\u00e9kek hasznos\u00edt\u00e1s\u00e1r\u00f3l, valamint a k\u00f6rnyezeti szolg\u00e1ltat\u00e1sok gazdas\u00e1gi elemz\u00e9s\u00e9r\u0151l (pl. biodiverzit\u00e1s, biot\u00f3p-h\u00e1l\u00f3zat, integr\u00e1lt-termel\u00e9si kompenz\u00e1ci\u00f3, er\u00f3zi\u00f3v\u00e9delem). A projektcsapatnak nagy tapasztalata van az ismeretcser\u00e9ben \u00e9s -\u00e1tad\u00e1sban, \u00e9s t\u00e1mogatja az agr\u00e1r-erd\u00e9szeti rendszerek l\u00e9trehoz\u00e1s\u00e1ban \u00e9s fenntart\u00e1s\u00e1ban sok\u00e9ves szak\u00e9rtelemmel rendelkez\u0151 gazdas\u00e1gokat. Nagy jelent\u0151s\u00e9get tulajdon\u00edtanak a hagyom\u00e1nyos \u00e9s biogazdas\u00e1gok k\u00f6z\u00f6tti kommunik\u00e1ci\u00f3nak, valamint az \u00f6sszes partnerrel val\u00f3 egy\u00fcttm\u0171k\u00f6d\u00e9snek.[\/vc_column_text][\/vc_column][vc_column width=&#8221;1\/2&#8243; offset=&#8221;vc_hidden-xs&#8221;][vc_column_text css_animation=&#8221;fadeIn&#8221;]<strong>Egy\u00fcttm\u0171k\u00f6d\u0151 partner<\/strong><\/p>\n<p>A kolozsv\u00e1ri Babes-Bolyai Tudom\u00e1nyegyetem (UBB) egy \u00e1llami fels\u0151oktat\u00e1si int\u00e9zm\u00e9ny, amelynek k\u00fcldet\u00e9se, hogy el\u0151seg\u00edtse \u00e9s t\u00e1mogassa a helyi, region\u00e1lis, orsz\u00e1gos \u00e9s nemzetk\u00f6zi k\u00f6z\u00f6ss\u00e9g saj\u00e1tos kultur\u00e1lis egys\u00e9geinek fejl\u0151d\u00e9s\u00e9t. Az egyik legjobb rom\u00e1n int\u00e9zm\u00e9ny, tudom\u00e1nyos \u00e9s kutat\u00e1si teljes\u00edtm\u00e9ny tekintet\u00e9ben folyamatosan az els\u0151 5 k\u00f6z\u00f6tt szerepel az orsz\u00e1gos rangsorban. Az UBB a tudom\u00e1nyos kutat\u00e1st tekinti egyik f\u0151 k\u00fcldet\u00e9s\u00e9nek, hiszen a kutat\u00e1si munka a tudom\u00e1nyos rang meghat\u00e1roz\u00e1s\u00e1nak legf\u0151bb krit\u00e9riuma.<\/p>\n<p>A Taxon\u00f3miai \u00e9s \u00d6kol\u00f3giai Tansz\u00e9knek k\u00f6r\u00fclbel\u00fcl 15 munkat\u00e1rsa van, akik sz\u00e1razf\u00f6ldi \u00e9s v\u00edzi \u00f6kol\u00f3giai kutat\u00e1sokat v\u00e9geznek. A tansz\u00e9k kutat\u00e1si f\u00f3kusza a term\u00e9szetv\u00e9delmi biol\u00f3gia, ezen bel\u00fcl tanulm\u00e1nyok \u00e9s kutat\u00e1si projektek olyan t\u00e9mak\u00f6r\u00f6kben, mint a kultur\u00e1lis \u00f6kol\u00f3gia, a biogeogr\u00e1fia, a f\u00f6ldhaszn\u00e1lat \u00e9s a n\u00f6v\u00e9nyek \u00e9s gerinctelen \u00e1llatok biodiverzit\u00e1sa, az \u00e9l\u0151helyek fragment\u00e1ci\u00f3ja, az invaz\u00edv fajok, \u00e9s a klasszikus \u00e9s modern taxon\u00f3mia. A tansz\u00e9k az elm\u00falt 5 \u00e9vben 3 hazai \u00e9s 6 eur\u00f3pai kutat\u00e1si projektben vett r\u00e9szt, ebb\u0151l 4 az EU 6. \u00e9s 7. keretprogramja alatt val\u00f3sult meg (R\u00e1kosy L\u00e1szl\u00f3 k\u00f6zrem\u0171k\u00f6d\u00e9s\u00e9vel).[\/vc_column_text][\/vc_column][\/vc_row][vc_row][vc_column offset=&#8221;vc_hidden-lg vc_hidden-md vc_hidden-sm&#8221;][vc_empty_space height=&#8221;45px&#8221;][vc_single_image image=&#8221;485&#8243; img_size=&#8221;medium&#8221; alignment=&#8221;center&#8221; onclick=&#8221;custom_link&#8221; img_link_target=&#8221;_blank&#8221; css_animation=&#8221;fadeIn&#8221; link=&#8221;https:\/\/www.ubbcluj.ro\/ge\/&#8221;][vc_column_text css_animation=&#8221;fadeIn&#8221;]<strong>Egy\u00fcttm\u0171k\u00f6d\u0151 partner<\/strong><\/p>\n<p>A kolozsv\u00e1ri Babes-Bolyai Tudom\u00e1nyegyetem (UBB) egy \u00e1llami fels\u0151oktat\u00e1si int\u00e9zm\u00e9ny, amelynek k\u00fcldet\u00e9se, hogy el\u0151seg\u00edtse \u00e9s t\u00e1mogassa a helyi, region\u00e1lis, orsz\u00e1gos \u00e9s nemzetk\u00f6zi k\u00f6z\u00f6ss\u00e9g saj\u00e1tos kultur\u00e1lis egys\u00e9geinek fejl\u0151d\u00e9s\u00e9t. Az egyik legjobb rom\u00e1n int\u00e9zm\u00e9ny, tudom\u00e1nyos \u00e9s kutat\u00e1si teljes\u00edtm\u00e9ny tekintet\u00e9ben folyamatosan az els\u0151 5 k\u00f6z\u00f6tt szerepel az orsz\u00e1gos rangsorban. Az UBB a tudom\u00e1nyos kutat\u00e1st tekinti egyik f\u0151 k\u00fcldet\u00e9s\u00e9nek, hiszen a kutat\u00e1si munka a tudom\u00e1nyos rang meghat\u00e1roz\u00e1s\u00e1nak legf\u0151bb krit\u00e9riuma.<\/p>\n<p>A Taxon\u00f3miai \u00e9s \u00d6kol\u00f3giai Tansz\u00e9knek k\u00f6r\u00fclbel\u00fcl 15 munkat\u00e1rsa van, akik sz\u00e1razf\u00f6ldi \u00e9s v\u00edzi \u00f6kol\u00f3giai kutat\u00e1sokat v\u00e9geznek. A tansz\u00e9k kutat\u00e1si f\u00f3kusza a term\u00e9szetv\u00e9delmi biol\u00f3gia, ezen bel\u00fcl tanulm\u00e1nyok \u00e9s kutat\u00e1si projektek olyan t\u00e9mak\u00f6r\u00f6kben, mint a kultur\u00e1lis \u00f6kol\u00f3gia, a biogeogr\u00e1fia, a f\u00f6ldhaszn\u00e1lat \u00e9s a n\u00f6v\u00e9nyek \u00e9s gerinctelen \u00e1llatok biodiverzit\u00e1sa, az \u00e9l\u0151helyek fragment\u00e1ci\u00f3ja, az invaz\u00edv fajok, \u00e9s a klasszikus \u00e9s modern taxon\u00f3mia. A tansz\u00e9k az elm\u00falt 5 \u00e9vben 3 hazai \u00e9s 6 eur\u00f3pai kutat\u00e1si projektben vett r\u00e9szt, ebb\u0151l 4 az EU 6. \u00e9s 7. keretprogramja alatt val\u00f3sult meg (R\u00e1kosy L\u00e1szl\u00f3 k\u00f6zrem\u0171k\u00f6d\u00e9s\u00e9vel).[\/vc_column_text][\/vc_column][\/vc_row]<\/p>\n<\/div>","protected":false},"excerpt":{"rendered":"<p>[vc_row][vc_column width=&#8221;1\/2&#8243;][vc_single_image image=&#8221;102&#8243; img_size=&#8221;medium&#8221; alignment=&#8221;center&#8221; onclick=&#8221;custom_link&#8221; img_link_target=&#8221;_blank&#8221; css_animation=&#8221;fadeIn&#8221; link=&#8221;https:\/\/www.stoffstrom.org\/&#8221;][\/vc_column][vc_column width=&#8221;1\/2&#8243; offset=&#8221;vc_hidden-xs&#8221;][vc_single_image image=&#8221;485&#8243; img_size=&#8221;medium&#8221; alignment=&#8221;center&#8221; onclick=&#8221;custom_link&#8221; img_link_target=&#8221;_blank&#8221; css_animation=&#8221;fadeIn&#8221; link=&#8221;https:\/\/www.ubbcluj.ro\/ge\/&#8221;][\/vc_column][\/vc_row][vc_row][vc_column width=&#8221;1\/2&#8243;][vc_column_text css_animation=&#8221;fadeIn&#8221;]Projektkoordin\u00e1tor A Trieri Egyetem egy \u00e1llami [&hellip;]<\/p>\n","protected":false},"author":4,"featured_media":0,"parent":0,"menu_order":0,"comment_status":"closed","ping_status":"closed","template":"","meta":{"site-sidebar-layout":"default","site-content-layout":"default","ast-site-content-layout":"default","site-content-style":"default","site-sidebar-style":"default","ast-global-header-display":"","ast-banner-title-visibility":"","ast-main-header-display":"","ast-hfb-above-header-display":"","ast-hfb-below-header-display":"","ast-hfb-mobile-header-display":"","site-post-title":"","ast-breadcrumbs-content":"","ast-featured-img":"","footer-sml-layout":"","ast-disable-related-posts":"","theme-transparent-header-meta":"default","adv-header-id-meta":"","stick-header-meta":"default","header-above-stick-meta":"","header-main-stick-meta":"","header-below-stick-meta":"","astra-migrate-meta-layouts":"set","ast-page-background-enabled":"default","ast-page-background-meta":{"desktop":{"background-color":"var(--ast-global-color-4)","background-image":"","background-repeat":"repeat","background-position":"center center","background-size":"auto","background-attachment":"scroll","background-type":"","background-media":"","overlay-type":"","overlay-color":"","overlay-opacity":"","overlay-gradient":""},"tablet":{"background-color":"","background-image":"","background-repeat":"repeat","background-position":"center center","background-size":"auto","background-attachment":"scroll","background-type":"","background-media":"","overlay-type":"","overlay-color":"","overlay-opacity":"","overlay-gradient":""},"mobile":{"background-color":"","background-image":"","background-repeat":"repeat","background-position":"center center","background-size":"auto","background-attachment":"scroll","background-type":"","background-media":"","overlay-type":"","overlay-color":"","overlay-opacity":"","overlay-gradient":""}},"ast-content-background-meta":{"desktop":{"background-color":"var(--ast-global-color-5)","background-image":"","background-repeat":"repeat","background-position":"center center","background-size":"auto","background-attachment":"scroll","background-type":"","background-media":"","overlay-type":"","overlay-color":"","overlay-opacity":"","overlay-gradient":""},"tablet":{"background-color":"var(--ast-global-color-5)","background-image":"","background-repeat":"repeat","background-position":"center center","background-size":"auto","background-attachment":"scroll","background-type":"","background-media":"","overlay-type":"","overlay-color":"","overlay-opacity":"","overlay-gradient":""},"mobile":{"background-color":"var(--ast-global-color-5)","background-image":"","background-repeat":"repeat","background-position":"center center","background-size":"auto","background-attachment":"scroll","background-type":"","background-media":"","overlay-type":"","overlay-color":"","overlay-opacity":"","overlay-gradient":""}},"footnotes":""},"class_list":["post-1038","page","type-page","status-publish","hentry"],"_links":{"self":[{"href":"https:\/\/transylvanian-wood-pastures.eu\/hu\/wp-json\/wp\/v2\/pages\/1038","targetHints":{"allow":["GET"]}}],"collection":[{"href":"https:\/\/transylvanian-wood-pastures.eu\/hu\/wp-json\/wp\/v2\/pages"}],"about":[{"href":"https:\/\/transylvanian-wood-pastures.eu\/hu\/wp-json\/wp\/v2\/types\/page"}],"author":[{"embeddable":true,"href":"https:\/\/transylvanian-wood-pastures.eu\/hu\/wp-json\/wp\/v2\/users\/4"}],"replies":[{"embeddable":true,"href":"https:\/\/transylvanian-wood-pastures.eu\/hu\/wp-json\/wp\/v2\/comments?post=1038"}],"version-history":[{"count":5,"href":"https:\/\/transylvanian-wood-pastures.eu\/hu\/wp-json\/wp\/v2\/pages\/1038\/revisions"}],"predecessor-version":[{"id":2313,"href":"https:\/\/transylvanian-wood-pastures.eu\/hu\/wp-json\/wp\/v2\/pages\/1038\/revisions\/2313"}],"wp:attachment":[{"href":"https:\/\/transylvanian-wood-pastures.eu\/hu\/wp-json\/wp\/v2\/media?parent=1038"}],"curies":[{"name":"wp","href":"https:\/\/api.w.org\/{rel}","templated":true}]}}