{"id":1007,"date":"2022-09-09T20:15:50","date_gmt":"2022-09-09T18:15:50","guid":{"rendered":"https:\/\/transylvanian-wood-pastures.eu\/?page_id=1007"},"modified":"2022-09-15T17:56:46","modified_gmt":"2022-09-15T15:56:46","slug":"kapcsolodo-projektek","status":"publish","type":"page","link":"https:\/\/transylvanian-wood-pastures.eu\/hu\/kapcsolodo-projektek\/","title":{"rendered":"Kapcsol\u00f3d\u00f3 Projektek"},"content":{"rendered":"<div class=\"wpb-content-wrapper\"><p>[vc_row css_animation=&#8221;fadeIn&#8221;][vc_column width=&#8221;1\/3&#8243;][vc_single_image image=&#8221;1068&#8243; img_size=&#8221;200&#215;200&#8243; alignment=&#8221;center&#8221; style=&#8221;vc_box_circle_2&#8243; onclick=&#8221;custom_link&#8221; img_link_target=&#8221;_blank&#8221; link=&#8221;https:\/\/arboriremarcabili.ro\/en\/about-project\/&#8221;][vc_toggle title=&#8221;arboriremarcabili.ro&#8221; style=&#8221;arrow&#8221; color=&#8221;white&#8221; size=&#8221;lg&#8221; custom_font_container=&#8221;tag:h4|text_align:center|color:%23ffffff&#8221; custom_use_theme_fonts=&#8221;yes&#8221; use_custom_heading=&#8221;true&#8221; css=&#8221;.vc_custom_1663257309567{padding-top: 15px !important;padding-right: 15px !important;padding-bottom: 15px !important;padding-left: 15px !important;background-color: #5ca172 !important;border-radius: 5px !important;}&#8221;]<span style=\"color: #ffffff;\">Ez a projekt Rom\u00e1nia \u00f6reg f\u00e1inak meg\u0151rz\u00e9s\u00e9re \u00e9s fenntarthat\u00f3s\u00e1g\u00e1ra ir\u00e1nyul. Ezeket a f\u00e1kat \u201efigyelemre m\u00e9lt\u00f3nak\u201d nevezz\u00fck, sokr\u00e9t\u0171 t\u00e1rsadalmi-\u00f6kol\u00f3giai funkci\u00f3juk miatt. Ilyen figyelemre m\u00e9lt\u00f3 f\u00e1k mindenhol megtal\u00e1lhat\u00f3k, a v\u00e1rosokt\u00f3l a legel\u0151kig, r\u00e9gi parkokban, udvarokban, \u00e9s z\u00e1rt erd\u0151kben. Ezek a f\u00e1k elhelyezked\u00e9s\u00fckt\u0151l f\u00fcggetlen\u00fcl sz\u00e1mos kultur\u00e1lis \u00e9s t\u00f6rt\u00e9nelmi \u00e9rt\u00e9kkel b\u00edrnak, \u00e9s kulcsfontoss\u00e1g\u00fa \u00f6kosziszt\u00e9ma szerkezetek, pl. \u00e9l\u0151helyek a vadon \u00e9l\u0151 \u00e1llatok sz\u00e1m\u00e1ra.<\/span>[\/vc_toggle][\/vc_column][vc_column width=&#8221;1\/3&#8243;][vc_single_image image=&#8221;1074&#8243; img_size=&#8221;200&#215;200&#8243; alignment=&#8221;center&#8221; style=&#8221;vc_box_circle_2&#8243; onclick=&#8221;custom_link&#8221; img_link_target=&#8221;_blank&#8221; link=&#8221;http:\/\/keyline-agroforst.de&#8221;][vc_toggle title=&#8221;keyline-agroforst.de&#8221; style=&#8221;arrow&#8221; color=&#8221;white&#8221; size=&#8221;lg&#8221; custom_font_container=&#8221;tag:h4|text_align:center|color:%23ffffff&#8221; custom_use_theme_fonts=&#8221;yes&#8221; use_custom_heading=&#8221;true&#8221; css=&#8221;.vc_custom_1663257338167{padding-top: 15px !important;padding-right: 15px !important;padding-bottom: 15px !important;padding-left: 15px !important;background-color: #5ca172 !important;border-radius: 5px !important;}&#8221;]<span style=\"color: #ffffff;\">Az elm\u00falt \u00e9vekben fokoz\u00f3d\u00f3 ny\u00e1ri sz\u00e1razs\u00e1g miatt az alacsony hegyvonulatokban sok helyen egyre nagyobb a vesz\u00e9lye annak, hogy az \u00f6kol\u00f3giailag \u00e9rt\u00e9kes domboldalak m\u0171vel\u00e9se vesztes\u00e9gess\u00e9 v\u00e1lik, \u00e9s a gazd\u00e1lkod\u00f3k felhagynak vele. Ennek eredm\u00e9nyek\u00e9nt ezek a ter\u00fcletek elvadulnak \u00e9s lassan erd\u0151v\u00e9 fejl\u0151dnek (szukcesszi\u00f3n kereszt\u00fcl), vagy k\u00f6zvetlen\u00fcl \u00fajra erd\u0151s\u00f6dnek. A projekt c\u00e9lja az, hogy kidolgozzon egy j\u00f6v\u0151ben haszn\u00e1latos koncepci\u00f3t az alacsony hegyl\u00e1ncok nagy biodiverzit\u00e1s\u00fa domboldalainak sz\u00e1m\u00e1ra. Az EvA projekt az \u00e9ghajlatv\u00e1ltoz\u00e1shoz val\u00f3 alkalmazkod\u00e1s, a k\u00f6rnyezetv\u00e9delem \u00e9s a gazdas\u00e1gi hat\u00e9konys\u00e1g ter\u00e9n egyre n\u00f6vekv\u0151 kih\u00edv\u00e1sokra k\u00edv\u00e1n v\u00e1laszt adni.<\/span>[\/vc_toggle][\/vc_column][vc_column width=&#8221;1\/3&#8243;][vc_single_image image=&#8221;1079&#8243; img_size=&#8221;200&#215;200&#8243; alignment=&#8221;center&#8221; style=&#8221;vc_box_circle_2&#8243; onclick=&#8221;custom_link&#8221; img_link_target=&#8221;_blank&#8221; link=&#8221;http:\/\/wertvoll.stoffstrom.org&#8221;][vc_toggle title=&#8221;wertvoll.stoffstrom.org&#8221; style=&#8221;arrow&#8221; color=&#8221;white&#8221; size=&#8221;lg&#8221; custom_font_container=&#8221;tag:h4|text_align:center|color:%23ffffff&#8221; custom_use_theme_fonts=&#8221;yes&#8221; use_custom_heading=&#8221;true&#8221; css=&#8221;.vc_custom_1663257362400{padding-top: 15px !important;padding-right: 15px !important;padding-bottom: 15px !important;padding-left: 15px !important;background-color: #5ca172 !important;border-radius: 5px !important;}&#8221;]<span style=\"color: #ffffff;\">A WERTvoll a Sz\u00f6vets\u00e9gi Oktat\u00e1si \u00e9s Kutat\u00e1si Miniszt\u00e9rium (BMBF) kutat\u00e1si projektje, amely a v\u00e1rosok \u00e9s a k\u00f6rnyez\u0151 ter\u00fcleteik k\u00f6z\u00f6tti kooperat\u00edv f\u00f6ldhaszn\u00e1lati strat\u00e9gi\u00e1val foglalkozik. Egyebek mellett hozz\u00e1j\u00e1rul az EU V\u00edz\u00fcgyi Keretir\u00e1nyelv\u00e9nek v\u00e9grehajt\u00e1s\u00e1hoz \u00e9s a mez\u0151gazdas\u00e1gi ter\u00fcletek termel\u00e9s-integr\u00e1lt kompenz\u00e1ci\u00f3val (TIK) t\u00f6rt\u00e9n\u0151 meg\u00f3v\u00e1s\u00e1hoz, \u00edgy eg\u00e9szs\u00e9ges, region\u00e1lis, \u00e9lelmiszer \u00e9s kl\u00edmabar\u00e1t bioenergi\u00e1t biztos\u00edt. A k\u00f6z\u00e9ppontban itt is a sz\u00e1nt\u00f3f\u00f6ldeken \u00e9s a vizek ment\u00e9n l\u00e9v\u0151, korszer\u0171 agr\u00e1rerd\u00e9szeti rendszerek fejleszt\u00e9se \u00e1ll.<\/span>[\/vc_toggle][\/vc_column][\/vc_row]<\/p>\n<\/div>","protected":false},"excerpt":{"rendered":"<p>[vc_row css_animation=&#8221;fadeIn&#8221;][vc_column width=&#8221;1\/3&#8243;][vc_single_image image=&#8221;1068&#8243; img_size=&#8221;200&#215;200&#8243; alignment=&#8221;center&#8221; style=&#8221;vc_box_circle_2&#8243; onclick=&#8221;custom_link&#8221; img_link_target=&#8221;_blank&#8221; link=&#8221;https:\/\/arboriremarcabili.ro\/en\/about-project\/&#8221;][vc_toggle title=&#8221;arboriremarcabili.ro&#8221; style=&#8221;arrow&#8221; color=&#8221;white&#8221; size=&#8221;lg&#8221; custom_font_container=&#8221;tag:h4|text_align:center|color:%23ffffff&#8221; custom_use_theme_fonts=&#8221;yes&#8221; use_custom_heading=&#8221;true&#8221; css=&#8221;.vc_custom_1663257309567{padding-top: 15px !important;padding-right: 15px !important;padding-bottom: 15px !important;padding-left: 15px [&hellip;]<\/p>\n","protected":false},"author":4,"featured_media":0,"parent":0,"menu_order":0,"comment_status":"closed","ping_status":"closed","template":"","meta":{"site-sidebar-layout":"default","site-content-layout":"default","ast-site-content-layout":"default","site-content-style":"default","site-sidebar-style":"default","ast-global-header-display":"","ast-banner-title-visibility":"","ast-main-header-display":"","ast-hfb-above-header-display":"","ast-hfb-below-header-display":"","ast-hfb-mobile-header-display":"","site-post-title":"","ast-breadcrumbs-content":"","ast-featured-img":"","footer-sml-layout":"","ast-disable-related-posts":"","theme-transparent-header-meta":"default","adv-header-id-meta":"","stick-header-meta":"default","header-above-stick-meta":"","header-main-stick-meta":"","header-below-stick-meta":"","astra-migrate-meta-layouts":"default","ast-page-background-enabled":"default","ast-page-background-meta":{"desktop":{"background-color":"var(--ast-global-color-4)","background-image":"","background-repeat":"repeat","background-position":"center center","background-size":"auto","background-attachment":"scroll","background-type":"","background-media":"","overlay-type":"","overlay-color":"","overlay-opacity":"","overlay-gradient":""},"tablet":{"background-color":"","background-image":"","background-repeat":"repeat","background-position":"center center","background-size":"auto","background-attachment":"scroll","background-type":"","background-media":"","overlay-type":"","overlay-color":"","overlay-opacity":"","overlay-gradient":""},"mobile":{"background-color":"","background-image":"","background-repeat":"repeat","background-position":"center center","background-size":"auto","background-attachment":"scroll","background-type":"","background-media":"","overlay-type":"","overlay-color":"","overlay-opacity":"","overlay-gradient":""}},"ast-content-background-meta":{"desktop":{"background-color":"var(--ast-global-color-5)","background-image":"","background-repeat":"repeat","background-position":"center center","background-size":"auto","background-attachment":"scroll","background-type":"","background-media":"","overlay-type":"","overlay-color":"","overlay-opacity":"","overlay-gradient":""},"tablet":{"background-color":"var(--ast-global-color-5)","background-image":"","background-repeat":"repeat","background-position":"center center","background-size":"auto","background-attachment":"scroll","background-type":"","background-media":"","overlay-type":"","overlay-color":"","overlay-opacity":"","overlay-gradient":""},"mobile":{"background-color":"var(--ast-global-color-5)","background-image":"","background-repeat":"repeat","background-position":"center center","background-size":"auto","background-attachment":"scroll","background-type":"","background-media":"","overlay-type":"","overlay-color":"","overlay-opacity":"","overlay-gradient":""}},"footnotes":""},"class_list":["post-1007","page","type-page","status-publish","hentry"],"_links":{"self":[{"href":"https:\/\/transylvanian-wood-pastures.eu\/hu\/wp-json\/wp\/v2\/pages\/1007","targetHints":{"allow":["GET"]}}],"collection":[{"href":"https:\/\/transylvanian-wood-pastures.eu\/hu\/wp-json\/wp\/v2\/pages"}],"about":[{"href":"https:\/\/transylvanian-wood-pastures.eu\/hu\/wp-json\/wp\/v2\/types\/page"}],"author":[{"embeddable":true,"href":"https:\/\/transylvanian-wood-pastures.eu\/hu\/wp-json\/wp\/v2\/users\/4"}],"replies":[{"embeddable":true,"href":"https:\/\/transylvanian-wood-pastures.eu\/hu\/wp-json\/wp\/v2\/comments?post=1007"}],"version-history":[{"count":6,"href":"https:\/\/transylvanian-wood-pastures.eu\/hu\/wp-json\/wp\/v2\/pages\/1007\/revisions"}],"predecessor-version":[{"id":1255,"href":"https:\/\/transylvanian-wood-pastures.eu\/hu\/wp-json\/wp\/v2\/pages\/1007\/revisions\/1255"}],"wp:attachment":[{"href":"https:\/\/transylvanian-wood-pastures.eu\/hu\/wp-json\/wp\/v2\/media?parent=1007"}],"curies":[{"name":"wp","href":"https:\/\/api.w.org\/{rel}","templated":true}]}}