{"id":1004,"date":"2022-07-13T10:15:45","date_gmt":"2022-07-13T08:15:45","guid":{"rendered":"https:\/\/transylvanian-wood-pastures.eu\/?page_id=1004"},"modified":"2022-07-13T10:15:45","modified_gmt":"2022-07-13T08:15:45","slug":"a-projekt-helyszine","status":"publish","type":"page","link":"https:\/\/transylvanian-wood-pastures.eu\/hu\/2265-2\/a-projekt-helyszine\/","title":{"rendered":"A projekt helysz\u00edne"},"content":{"rendered":"<div class=\"wpb-content-wrapper\"><p>[vc_row][vc_column][vc_column_text css_animation=&#8221;fadeIn&#8221;]<\/p>\n<p>A projekt megval\u00f3s\u00edt\u00e1si ter\u00fclete Rom\u00e1nia erd\u00e9lyi r\u00e9gi\u00f3ja, valamint e r\u00e9gi\u00f3 szomsz\u00e9dos ter\u00fcletei. A vizsg\u00e1lt r\u00e9gi\u00f3ban tal\u00e1lhat\u00f3 a legt\u00f6bb f\u00e1slegel\u0151 K\u00f6z\u00e9p- \u00e9s Kelet-Eur\u00f3p\u00e1ban, valamint Rom\u00e1ni\u00e1ban.<\/p>\n<p>H\u00e1rom f\u0151 ok miatt d\u00f6nt\u00f6tt\u00fcnk \u00fagy, hogy erre a ter\u00fcletre \u00f6sszpontos\u00edtunk: az els\u0151 ok, hogy az \u00e1ltalunk \u00e1ltal\u00e1nosan &#8222;Erd\u00e9lynek&#8221; nevezett ter\u00fclet t\u00f6bb olyan biokultur\u00e1lis kist\u00e9rs\u00e9get tartalmaz, ami jellegzetes, m\u00e9g felt\u00e1ratlan f\u00e1slegel\u0151kkel rendelkezhet. Ez lehet\u0151v\u00e9 teszi, hogy reprezentat\u00edv lelt\u00e1rt k\u00e9sz\u00edts\u00fcnk nagysz\u00e1m\u00fa f\u00e1slegel\u0151re alapozva. A m\u00e1sodik ok az, hogy a projekt r\u00f6vid ideje (2 \u00e9v), valamint a tev\u00e9kenys\u00e9gek sokf\u00e9les\u00e9ge (amelyet bemutatunk a \u2019Munkacsomagok\u2019 c\u00edm\u0171 r\u00e9szben) nem teszi lehet\u0151v\u00e9 a f\u00e1slegel\u0151k orsz\u00e1gos felm\u00e9r\u00e9s\u00e9t. A harmadik ok, hogy a megkeresett r\u00e9gi\u00f3r\u00f3l meglehet\u0151sen szil\u00e1rdak az el\u0151zetes ismereteink, valamint egyes helyi k\u00f6z\u00f6ss\u00e9gekben m\u00e1r kialakult kapcsolataink vannak. Mindezek alapj\u00e1n \u00fagy gondoljuk, hogy a projektben javasolt \u00faj \u00f6tletek \u00e9s megk\u00f6zel\u00edt\u00e9sek megval\u00f3s\u00edthat\u00f3k, \u00e9s a kit\u0171z\u00f6tt c\u00e9lok el\u00e9rhet\u0151k.<\/p>\n<p>Jelen projekt a s\u00edkvid\u00e9ki \u00e9s dombvid\u00e9ki f\u00e1slegel\u0151ket c\u00e9lozza meg, ahol a lombos erd\u0151k domin\u00e1lnak. A Rom\u00e1ni\u00e1ban \u00e9s Erd\u00e9lyben j\u00f3l reprezent\u00e1lt, t\u0171level\u0171 erd\u0151k \u00e1ltal uralt hegyvid\u00e9k sz\u00e1nd\u00e9kosan kimaradt a projektb\u0151l felm\u00e9r\u00e9shez sz\u00fcks\u00e9ges forr\u00e1sok hi\u00e1nya miatt. Az el\u0151\u00e1ll\u00edtott \u00e9s ezen a platformon el\u00e9rhet\u0151v\u00e9 tett inform\u00e1ci\u00f3s anyag c\u00e9lja olyan helyi \u00e9s region\u00e1lis kezdem\u00e9nyez\u00e9sek \u00f6szt\u00f6nz\u00e9se, amelyekre ez a projekt nem terjed ki.<\/p>\n<p>[\/vc_column_text][\/vc_column][\/vc_row]<\/p>\n<\/div>","protected":false},"excerpt":{"rendered":"<p>[vc_row][vc_column][vc_column_text css_animation=&#8221;fadeIn&#8221;] A projekt megval\u00f3s\u00edt\u00e1si ter\u00fclete Rom\u00e1nia erd\u00e9lyi r\u00e9gi\u00f3ja, valamint e r\u00e9gi\u00f3 szomsz\u00e9dos ter\u00fcletei. A vizsg\u00e1lt r\u00e9gi\u00f3ban tal\u00e1lhat\u00f3 a legt\u00f6bb f\u00e1slegel\u0151 K\u00f6z\u00e9p- \u00e9s Kelet-Eur\u00f3p\u00e1ban, valamint [&hellip;]<\/p>\n","protected":false},"author":4,"featured_media":0,"parent":2265,"menu_order":0,"comment_status":"closed","ping_status":"closed","template":"","meta":{"site-sidebar-layout":"no-sidebar","site-content-layout":"plain-container","ast-site-content-layout":"default","site-content-style":"default","site-sidebar-style":"default","ast-global-header-display":"","ast-banner-title-visibility":"","ast-main-header-display":"","ast-hfb-above-header-display":"","ast-hfb-below-header-display":"","ast-hfb-mobile-header-display":"","site-post-title":"","ast-breadcrumbs-content":"","ast-featured-img":"disabled","footer-sml-layout":"","ast-disable-related-posts":"","theme-transparent-header-meta":"default","adv-header-id-meta":"","stick-header-meta":"default","header-above-stick-meta":"","header-main-stick-meta":"","header-below-stick-meta":"","astra-migrate-meta-layouts":"default","ast-page-background-enabled":"default","ast-page-background-meta":{"desktop":{"background-color":"var(--ast-global-color-4)","background-image":"","background-repeat":"repeat","background-position":"center center","background-size":"auto","background-attachment":"scroll","background-type":"","background-media":"","overlay-type":"","overlay-color":"","overlay-opacity":"","overlay-gradient":""},"tablet":{"background-color":"","background-image":"","background-repeat":"repeat","background-position":"center center","background-size":"auto","background-attachment":"scroll","background-type":"","background-media":"","overlay-type":"","overlay-color":"","overlay-opacity":"","overlay-gradient":""},"mobile":{"background-color":"","background-image":"","background-repeat":"repeat","background-position":"center center","background-size":"auto","background-attachment":"scroll","background-type":"","background-media":"","overlay-type":"","overlay-color":"","overlay-opacity":"","overlay-gradient":""}},"ast-content-background-meta":{"desktop":{"background-color":"var(--ast-global-color-5)","background-image":"","background-repeat":"repeat","background-position":"center center","background-size":"auto","background-attachment":"scroll","background-type":"","background-media":"","overlay-type":"","overlay-color":"","overlay-opacity":"","overlay-gradient":""},"tablet":{"background-color":"var(--ast-global-color-5)","background-image":"","background-repeat":"repeat","background-position":"center center","background-size":"auto","background-attachment":"scroll","background-type":"","background-media":"","overlay-type":"","overlay-color":"","overlay-opacity":"","overlay-gradient":""},"mobile":{"background-color":"var(--ast-global-color-5)","background-image":"","background-repeat":"repeat","background-position":"center center","background-size":"auto","background-attachment":"scroll","background-type":"","background-media":"","overlay-type":"","overlay-color":"","overlay-opacity":"","overlay-gradient":""}},"footnotes":""},"class_list":["post-1004","page","type-page","status-publish","hentry"],"_links":{"self":[{"href":"https:\/\/transylvanian-wood-pastures.eu\/hu\/wp-json\/wp\/v2\/pages\/1004","targetHints":{"allow":["GET"]}}],"collection":[{"href":"https:\/\/transylvanian-wood-pastures.eu\/hu\/wp-json\/wp\/v2\/pages"}],"about":[{"href":"https:\/\/transylvanian-wood-pastures.eu\/hu\/wp-json\/wp\/v2\/types\/page"}],"author":[{"embeddable":true,"href":"https:\/\/transylvanian-wood-pastures.eu\/hu\/wp-json\/wp\/v2\/users\/4"}],"replies":[{"embeddable":true,"href":"https:\/\/transylvanian-wood-pastures.eu\/hu\/wp-json\/wp\/v2\/comments?post=1004"}],"version-history":[{"count":2,"href":"https:\/\/transylvanian-wood-pastures.eu\/hu\/wp-json\/wp\/v2\/pages\/1004\/revisions"}],"predecessor-version":[{"id":1006,"href":"https:\/\/transylvanian-wood-pastures.eu\/hu\/wp-json\/wp\/v2\/pages\/1004\/revisions\/1006"}],"up":[{"embeddable":true,"href":"https:\/\/transylvanian-wood-pastures.eu\/hu\/wp-json\/wp\/v2\/pages\/2265"}],"wp:attachment":[{"href":"https:\/\/transylvanian-wood-pastures.eu\/hu\/wp-json\/wp\/v2\/media?parent=1004"}],"curies":[{"name":"wp","href":"https:\/\/api.w.org\/{rel}","templated":true}]}}