{"id":1000,"date":"2022-07-13T10:09:17","date_gmt":"2022-07-13T08:09:17","guid":{"rendered":"https:\/\/transylvanian-wood-pastures.eu\/?page_id=1000"},"modified":"2022-07-13T10:09:17","modified_gmt":"2022-07-13T08:09:17","slug":"munkacsomagok","status":"publish","type":"page","link":"https:\/\/transylvanian-wood-pastures.eu\/hu\/2265-2\/munkacsomagok\/","title":{"rendered":"Munkacsomagok"},"content":{"rendered":"<div class=\"wpb-content-wrapper\"><p>[vc_row][vc_column css_animation=&#8221;fadeIn&#8221;][vc_column_text]<\/p>\n<p>Valamennyi munkacsomag (MCS) c\u00e9lja a rom\u00e1niai f\u00e1slegel\u0151k gyakorlati kezel\u00e9s\u00e9nek optimaliz\u00e1l\u00e1sa, tov\u00e1bbfejleszt\u00e9se \u00e9s t\u00e1rgyal\u00e1sa, valamint a fenntarthat\u00f3 gazd\u00e1lkod\u00e1shoz kapcsol\u00f3d\u00f3 ismeretek beiktat\u00e1sa a vid\u00e9kfejleszt\u00e9sbe. Az al\u00e1bbiakban felsoroljuk a MCS-k neveit \u2013 ezek t\u00e1g t\u00e9mak\u00f6r\u00f6kk\u00e9nt is \u00e9rtelmezhet\u0151k:<\/p>\n<ul>\n<li><strong>MCS 1. F\u00e1slegel\u0151k \u00e1llapota: F\u00e1slegel\u0151k sz\u00e1mbav\u00e9tele \u00e9s jellemz\u00e9se.<\/strong> A MCS 1 megval\u00f3s\u00edt\u00e1s\u00e1nak f\u0151 m\u00f3dszerei: koncepcion\u00e1lis modell \u00e9s m\u00f3dszertan kidolgoz\u00e1sa a biokultur\u00e1lis \u00e9rt\u00e9kel\u00e9shez \u00e9s a f\u00e1slegel\u0151 rendszerek felm\u00e9r\u00e9se Erd\u00e9ly \u00e9s k\u00f6zevetlen k\u00f6rnyezete minden biokultur\u00e1lis r\u00e9gi\u00f3j\u00e1ban.<\/li>\n<li><strong>MCS 2. F\u00e1slegel\u0151kh\u00f6z kapcsol\u00f3d\u00f3 helyi innov\u00e1ci\u00f3k meg\u00e9rt\u00e9se<\/strong>. Ennek a munkacsomagnak k\u00e9t alkomponense van:\n<ul>\n<li><em>MCS 2a.<\/em> Tesztel\u00e9s: F\u00e1slegel\u0151k a vid\u00e9kfejleszt\u00e9sben \/ vid\u00e9ki biogazdas\u00e1gban. A MCS 2a megval\u00f3s\u00edt\u00e1s\u00e1nak f\u0151 m\u00f3dszerei: fogalmi \u00e9s m\u00f3dszertani keret kidolgoz\u00e1sa a f\u00e1slegel\u0151kkel kapcsolatos helyi kezdem\u00e9nyez\u00e9sek sz\u00e1mbav\u00e9tel\u00e9re \u00e9s ezekr\u0151l val\u00f3 profilalkot\u00e1s. Ehhez a MCS1-b\u0151l \u00f6sszegy\u0171jt\u00f6tt tud\u00e1st is felhaszn\u00e1land\u00f3.<\/li>\n<li><em>MCS 2b<\/em>. Fejleszt\u00e9s: \u00daj lehet\u0151s\u00e9gek azonos\u00edt\u00e1sa vagy \u00faj \u00f6tletek kidolgoz\u00e1sa a f\u00e1slegel\u0151k fenntarthat\u00f3 kezel\u00e9s\u00e9re. A MCS 2b megval\u00f3s\u00edt\u00e1s\u00e1nak f\u0151 m\u00f3dszerei: A MCS 2a sor\u00e1n \u00f6sszegy\u0171jt\u00f6tt inform\u00e1ci\u00f3k szintetiz\u00e1l\u00e1sa \u00e9s kombin\u00e1l\u00e1sa a rendelkez\u00e9sre \u00e1ll\u00f3 legjobb tudom\u00e1nyos ismeretekkel.<\/li>\n<\/ul>\n<\/li>\n<li><strong> MCS 3. V\u00e9delem \u00e9s terjeszked\u00e9s: H\u00e1l\u00f3zatok \u00e9s j\u00f6v\u0151beli kezdem\u00e9nyez\u00e9sek a f\u00e1slegel\u0151k sz\u00e1m\u00e1ra<\/strong>. A MCS 3 megval\u00f3s\u00edt\u00e1s\u00e1nak f\u0151 m\u00f3dszere: workshop-ok elind\u00edt\u00e1sa a f\u00e1slegel\u0151ket haszn\u00e1l\u00f3 \u00e9s gondoz\u00f3 emberek sz\u00e1m\u00e1ra, a MCS 1 \u00e9s a MCS 2a alapj\u00e1n. Ezek a workshop-ok az el\u0151z\u0151 munkacsoportokb\u00f3l \u00f6sszegy\u0171jt\u00f6tt inform\u00e1ci\u00f3kra \u00e9p\u00fclnek, \u00e9s kieg\u00e9sz\u00edtik azokat a f\u00e1slegel\u0151k fenntarthat\u00f3 j\u00f6v\u0151j\u00e9re ir\u00e1nyul\u00f3 gyakorlatokkal t\u00e1rsadalom-\u00f6kol\u00f3giai kontextusban.<\/li>\n<li><strong>MCS 4. Cselekv\u00e9shez sz\u00fcks\u00e9ges ismeretek: Gyakorlati \u00fatmutat\u00f3, videofelv\u00e9telek \u00e9s adatb\u00e1zis a rom\u00e1niai f\u00e1slegel\u0151kr\u0151l.<\/strong> A MCS 4 megval\u00f3s\u00edt\u00e1s\u00e1nak f\u0151 m\u00f3dszerei: terepl\u00e1togat\u00e1sok reprezentat\u00edv mintater\u00fcleteken Erd\u00e9ly jelent\u0151sebb kultur\u00e1lis r\u00e9gi\u00f3iban, dr\u00f3nfelv\u00e9telek k\u00e9sz\u00edt\u00e9se, valamint interj\u00fak a f\u00e1slegel\u0151kh\u00f6z kapcsol\u00f3d\u00f3 kulcsszem\u00e9lyekkel egy j\u00f3l kidolgozott protokoll alapj\u00e1n. K\u00e9sz\u00fcl egy online katal\u00f3gus is, amely t\u00f6bb f\u00e1slegel\u0151t bemutat, \u00e9s online is el\u00e9rhet\u0151v\u00e9 v\u00e1lik. Ezen a munkacsoporton bel\u00fcl kifejleszt\u00e9sre ker\u00fcl egy kezel\u00e9si \u00fatmutat\u00f3 is a bev\u00e1lt gyakorlatokhoz.<\/li>\n<li><strong>WP 5. Kultur\u00e1lis- \u00e9s \u00f6kosziszt\u00e9ma-szolg\u00e1ltat\u00e1sok:<\/strong> <strong>Javaslatok nemzeti \u00e9s eur\u00f3pai szint\u0171 szab\u00e1lyoz\u00e1sokhoz \u00e9s adminisztr\u00e1ci\u00f3hoz.<\/strong> A MCS 5 megval\u00f3s\u00edt\u00e1s\u00e1nak f\u0151 m\u00f3dszerei: Egy kiadv\u00e1ny k\u00e9sz\u00edt\u00e9se A MCS 1-4-b\u0151l \u00f6sszegy\u0171jt\u00f6tt ismeretek \u00e9s megl\u00e1t\u00e1sok alapj\u00e1n, kieg\u00e9sz\u00edtve a szakirodalmi ismeretekkel, amelyben le\u00edrjuk a legjobb kezel\u00e9si m\u00f3dszereket a f\u00e1slegel\u0151k kultur\u00e1lis \u00f6kosziszt\u00e9ma szolg\u00e1ltat\u00e1sainak fejleszt\u00e9s\u00e9re.<\/li>\n<\/ul>\n<p>[\/vc_column_text][\/vc_column][\/vc_row]<\/p>\n<\/div>","protected":false},"excerpt":{"rendered":"<p>[vc_row][vc_column css_animation=&#8221;fadeIn&#8221;][vc_column_text] Valamennyi munkacsomag (MCS) c\u00e9lja a rom\u00e1niai f\u00e1slegel\u0151k gyakorlati kezel\u00e9s\u00e9nek optimaliz\u00e1l\u00e1sa, tov\u00e1bbfejleszt\u00e9se \u00e9s t\u00e1rgyal\u00e1sa, valamint a fenntarthat\u00f3 gazd\u00e1lkod\u00e1shoz kapcsol\u00f3d\u00f3 ismeretek beiktat\u00e1sa a vid\u00e9kfejleszt\u00e9sbe. Az [&hellip;]<\/p>\n","protected":false},"author":4,"featured_media":0,"parent":2265,"menu_order":0,"comment_status":"closed","ping_status":"closed","template":"","meta":{"site-sidebar-layout":"default","site-content-layout":"default","ast-site-content-layout":"default","site-content-style":"default","site-sidebar-style":"default","ast-global-header-display":"","ast-banner-title-visibility":"","ast-main-header-display":"","ast-hfb-above-header-display":"","ast-hfb-below-header-display":"","ast-hfb-mobile-header-display":"","site-post-title":"","ast-breadcrumbs-content":"","ast-featured-img":"","footer-sml-layout":"","ast-disable-related-posts":"","theme-transparent-header-meta":"default","adv-header-id-meta":"","stick-header-meta":"default","header-above-stick-meta":"","header-main-stick-meta":"","header-below-stick-meta":"","astra-migrate-meta-layouts":"default","ast-page-background-enabled":"default","ast-page-background-meta":{"desktop":{"background-color":"var(--ast-global-color-4)","background-image":"","background-repeat":"repeat","background-position":"center center","background-size":"auto","background-attachment":"scroll","background-type":"","background-media":"","overlay-type":"","overlay-color":"","overlay-opacity":"","overlay-gradient":""},"tablet":{"background-color":"","background-image":"","background-repeat":"repeat","background-position":"center center","background-size":"auto","background-attachment":"scroll","background-type":"","background-media":"","overlay-type":"","overlay-color":"","overlay-opacity":"","overlay-gradient":""},"mobile":{"background-color":"","background-image":"","background-repeat":"repeat","background-position":"center center","background-size":"auto","background-attachment":"scroll","background-type":"","background-media":"","overlay-type":"","overlay-color":"","overlay-opacity":"","overlay-gradient":""}},"ast-content-background-meta":{"desktop":{"background-color":"var(--ast-global-color-5)","background-image":"","background-repeat":"repeat","background-position":"center center","background-size":"auto","background-attachment":"scroll","background-type":"","background-media":"","overlay-type":"","overlay-color":"","overlay-opacity":"","overlay-gradient":""},"tablet":{"background-color":"var(--ast-global-color-5)","background-image":"","background-repeat":"repeat","background-position":"center center","background-size":"auto","background-attachment":"scroll","background-type":"","background-media":"","overlay-type":"","overlay-color":"","overlay-opacity":"","overlay-gradient":""},"mobile":{"background-color":"var(--ast-global-color-5)","background-image":"","background-repeat":"repeat","background-position":"center center","background-size":"auto","background-attachment":"scroll","background-type":"","background-media":"","overlay-type":"","overlay-color":"","overlay-opacity":"","overlay-gradient":""}},"footnotes":""},"class_list":["post-1000","page","type-page","status-publish","hentry"],"_links":{"self":[{"href":"https:\/\/transylvanian-wood-pastures.eu\/hu\/wp-json\/wp\/v2\/pages\/1000","targetHints":{"allow":["GET"]}}],"collection":[{"href":"https:\/\/transylvanian-wood-pastures.eu\/hu\/wp-json\/wp\/v2\/pages"}],"about":[{"href":"https:\/\/transylvanian-wood-pastures.eu\/hu\/wp-json\/wp\/v2\/types\/page"}],"author":[{"embeddable":true,"href":"https:\/\/transylvanian-wood-pastures.eu\/hu\/wp-json\/wp\/v2\/users\/4"}],"replies":[{"embeddable":true,"href":"https:\/\/transylvanian-wood-pastures.eu\/hu\/wp-json\/wp\/v2\/comments?post=1000"}],"version-history":[{"count":3,"href":"https:\/\/transylvanian-wood-pastures.eu\/hu\/wp-json\/wp\/v2\/pages\/1000\/revisions"}],"predecessor-version":[{"id":1003,"href":"https:\/\/transylvanian-wood-pastures.eu\/hu\/wp-json\/wp\/v2\/pages\/1000\/revisions\/1003"}],"up":[{"embeddable":true,"href":"https:\/\/transylvanian-wood-pastures.eu\/hu\/wp-json\/wp\/v2\/pages\/2265"}],"wp:attachment":[{"href":"https:\/\/transylvanian-wood-pastures.eu\/hu\/wp-json\/wp\/v2\/media?parent=1000"}],"curies":[{"name":"wp","href":"https:\/\/api.w.org\/{rel}","templated":true}]}}