{"id":199,"date":"2022-02-14T08:45:23","date_gmt":"2022-02-14T07:45:23","guid":{"rendered":"https:\/\/transylvanian-wood-pastures.eu\/?page_id=199"},"modified":"2024-01-06T21:29:06","modified_gmt":"2024-01-06T20:29:06","slug":"contacts","status":"publish","type":"page","link":"https:\/\/transylvanian-wood-pastures.eu\/en\/contacts\/","title":{"rendered":"Contacts"},"content":{"rendered":"<div class=\"wpb-content-wrapper\"><p>[vc_row][vc_column width=&#8221;1\/2&#8243;][vc_column_text css_animation=&#8221;fadeIn&#8221;]<\/p>\n<p style=\"text-align: center;\"><strong>Babes-Bolyai University (UBB)<\/strong><\/p>\n<p style=\"text-align: center;\">Str. Mihail Kog\u0103lniceanu, No. 1<br \/>\nPost code 400084, Cluj-Napoca, Romania<\/p>\n<p style=\"text-align: center;\"><a href=\"https:\/\/www.ubbcluj.ro\/en\/\" target=\"_blank\" rel=\"noopener\">ubbcluj.ro<\/a><\/p>\n<p>[\/vc_column_text][\/vc_column][vc_column width=&#8221;1\/2&#8243; offset=&#8221;vc_hidden-xs&#8221;][vc_column_text css_animation=&#8221;fadeIn&#8221;]<\/p>\n<p style=\"text-align: center;\"><strong>Institute for Applied Material Flow Management &#8211; IfaS<\/strong><\/p>\n<p style=\"text-align: center;\">Trier University of Applied Siences &#8211; Environmental Campus Birkenfeld<br \/>\nDepartment for Biomass and Cultural Landscape Development<br \/>\nMailbox 1380, D-55761 Birkenfeld, Germany<\/p>\n<p style=\"text-align: center;\"><a href=\"https:\/\/www.stoffstrom.org\/\" target=\"_blank\" rel=\"noopener\">stoffstrom.org<\/a><\/p>\n<p>[\/vc_column_text][\/vc_column][\/vc_row][vc_row css_animation=&#8221;fadeIn&#8221;][vc_column css_animation=&#8221;fadeIn&#8221; width=&#8221;1\/4&#8243;][vc_single_image image=&#8221;468&#8243; img_size=&#8221;150&#215;150&#8243; alignment=&#8221;center&#8221; style=&#8221;vc_box_circle&#8221; css_animation=&#8221;none&#8221;][vc_column_text css_animation=&#8221;none&#8221; css=&#8221;.vc_custom_1704572672263{margin-top: -20px !important;}&#8221;]<\/p>\n<p style=\"text-align: center;\"><strong>Ass. Prof. Tibor Hartel PhD<br \/>\n<\/strong>Scientific leader and head of project Romania<\/p>\n<p style=\"text-align: center;\"><em>Faculty of Environmental Sience and Engineering<\/em><\/p>\n<p style=\"text-align: center;\">Phone: +40 726 464 013<\/p>\n<p style=\"text-align: center;\">E-mail: <span class=\"url-label\"><a href=\"mailto:hartel.tibor@gmail.com\">hartel.tibor@gmail.com<\/a> <\/span><\/p>\n<p>[\/vc_column_text][\/vc_column][vc_column css_animation=&#8221;fadeIn&#8221; width=&#8221;1\/4&#8243;][vc_single_image image=&#8221;465&#8243; img_size=&#8221;150&#215;150&#8243; alignment=&#8221;center&#8221; style=&#8221;vc_box_circle&#8221; css_animation=&#8221;none&#8221;][vc_column_text css_animation=&#8221;none&#8221; css=&#8221;.vc_custom_1704572710472{margin-top: -20px !important;}&#8221;]<\/p>\n<p style=\"text-align: center;\"><strong>Prof. Dr. L\u00e1szl\u00f3 R\u00e1kosy<br \/>\n<\/strong>Scientific leader<\/p>\n<p style=\"text-align: center;\"><em>Department of Taxonomy and Ecology<\/em><\/p>\n<p style=\"text-align: center;\">Phone: +40 745 645 843<\/p>\n<p style=\"text-align: center;\">E-mail: <a href=\"mailto:laszlo.rakosy@ubbcluj.ro\"><span class=\"url-label\">laszlo.rakosy@ubbcluj.ro<\/span><\/a><\/p>\n<p>[\/vc_column_text][\/vc_column][vc_column css_animation=&#8221;fadeIn&#8221; width=&#8221;1\/4&#8243; offset=&#8221;vc_hidden-xs&#8221;][vc_single_image image=&#8221;525&#8243; img_size=&#8221;150&#215;150&#8243; alignment=&#8221;center&#8221; style=&#8221;vc_box_circle&#8221; css_animation=&#8221;none&#8221;][vc_column_text css_animation=&#8221;none&#8221;]<\/p>\n<p style=\"text-align: center;\"><strong>Dipl.-Ing. Agr. Frank Wagener<\/strong><br \/>\nProject manager and head of project Germany<\/p>\n<p style=\"text-align: center;\">Phone: +49 (0)6782 \/ 17-2636<br \/>\nFax: +49 (0)6782 \/ 17-1264<\/p>\n<p style=\"text-align: center;\"><span class=\"url-label\">E-mail: <a href=\"mailto:f.wagener@umwelt-campus.de\">f.wagener@umwelt-campus.de<\/a><\/span><\/p>\n<p>[\/vc_column_text][\/vc_column][vc_column css_animation=&#8221;fadeIn&#8221; width=&#8221;1\/4&#8243; offset=&#8221;vc_hidden-xs&#8221;][vc_single_image image=&#8221;522&#8243; img_size=&#8221;150&#215;150&#8243; alignment=&#8221;center&#8221; style=&#8221;vc_box_circle&#8221; css_animation=&#8221;none&#8221;][vc_column_text css_animation=&#8221;none&#8221;]<\/p>\n<p style=\"text-align: center;\"><strong>Dipl.-Ing. Agr. J\u00f6rg B\u00f6hmer<\/strong><br \/>\nDeputy head of project<\/p>\n<p style=\"text-align: center;\">Phone: +49 (0)6782 \/ 17-2626<br \/>\nFax: +49 (0)6782 \/ 17-1264<\/p>\n<p style=\"text-align: center;\">E-mail: <a href=\"mailto:j.boehmer@umwelt-campus.de\"><span class=\"url-label\">j.boehmer@umwelt-campus.de<\/span><\/a><\/p>\n<p>[\/vc_column_text][\/vc_column][\/vc_row][vc_row][vc_column offset=&#8221;vc_hidden-xs&#8221;][vc_empty_space height=&#8221;50px&#8221;][\/vc_column][\/vc_row][vc_row][vc_column css_animation=&#8221;fadeIn&#8221; offset=&#8221;vc_hidden-lg vc_hidden-md vc_hidden-sm&#8221;][vc_separator color=&#8221;black&#8221;][vc_column_text css_animation=&#8221;fadeIn&#8221;]<\/p>\n<p style=\"text-align: center;\"><strong>Institute for Applied Material Flow Management &#8211; IfaS<\/strong><\/p>\n<p style=\"text-align: center;\">Trier University of Applied Siences &#8211; Environmental Campus Birkenfeld<br \/>\nDepartment for Biomass and Cultural Landscape Development<br \/>\nMailbox 1380, D-55761 Birkenfeld, Germany<\/p>\n<p style=\"text-align: center;\"><a href=\"https:\/\/www.stoffstrom.org\/\" target=\"_blank\" rel=\"noopener\">stoffstrom.org<\/a><\/p>\n<p>[\/vc_column_text][vc_single_image image=&#8221;525&#8243; img_size=&#8221;150&#215;150&#8243; alignment=&#8221;center&#8221; style=&#8221;vc_box_circle&#8221; css_animation=&#8221;none&#8221;][vc_column_text css_animation=&#8221;none&#8221;]<\/p>\n<p style=\"text-align: center;\"><strong>Dipl.-Ing. Agr. Frank Wagener<\/strong><br \/>\nProject manager and head of project Germany<\/p>\n<p style=\"text-align: center;\">Phone: +49 (0)6782 \/ 17-2636<br \/>\nFax: +49 (0)6782 \/ 17-1264<\/p>\n<p style=\"text-align: center;\"><span class=\"url-label\">E-mail: <a href=\"mailto:f.wagener@umwelt-campus.de\">f.wagener@umwelt-campus.de<\/a><\/span><\/p>\n<p>[\/vc_column_text][vc_single_image image=&#8221;522&#8243; img_size=&#8221;150&#215;150&#8243; alignment=&#8221;center&#8221; style=&#8221;vc_box_circle&#8221; css_animation=&#8221;none&#8221;][vc_column_text css_animation=&#8221;none&#8221;]<\/p>\n<p style=\"text-align: center;\"><strong>Dipl.-Ing. Agr. J\u00f6rg B\u00f6hmer<\/strong><br \/>\nDeputy head of project<\/p>\n<p style=\"text-align: center;\">Phone: +49 (0)6782 \/ 17-2626<br \/>\nFax: +49 (0)6782 \/ 17-1264<\/p>\n<p style=\"text-align: center;\">E-mail: <a href=\"mailto:j.boehmer@umwelt-campus.de\"><span class=\"url-label\">j.boehmer@umwelt-campus.de<\/span><\/a><\/p>\n<p>[\/vc_column_text][\/vc_column][\/vc_row]<\/p>\n<\/div>","protected":false},"excerpt":{"rendered":"<p>[vc_row][vc_column width=&#8221;1\/2&#8243;][vc_column_text css_animation=&#8221;fadeIn&#8221;] Babes-Bolyai University (UBB) Str. Mihail Kog\u0103lniceanu, No. 1 Post code 400084, Cluj-Napoca, Romania ubbcluj.ro [\/vc_column_text][\/vc_column][vc_column width=&#8221;1\/2&#8243; offset=&#8221;vc_hidden-xs&#8221;][vc_column_text css_animation=&#8221;fadeIn&#8221;] Institute for Applied Material [&hellip;]<\/p>\n","protected":false},"author":1,"featured_media":0,"parent":0,"menu_order":0,"comment_status":"closed","ping_status":"closed","template":"","meta":{"site-sidebar-layout":"no-sidebar","site-content-layout":"plain-container","ast-site-content-layout":"normal-width-container","site-content-style":"unboxed","site-sidebar-style":"unboxed","ast-global-header-display":"","ast-banner-title-visibility":"","ast-main-header-display":"","ast-hfb-above-header-display":"","ast-hfb-below-header-display":"","ast-hfb-mobile-header-display":"","site-post-title":"","ast-breadcrumbs-content":"","ast-featured-img":"disabled","footer-sml-layout":"","ast-disable-related-posts":"","theme-transparent-header-meta":"default","adv-header-id-meta":"","stick-header-meta":"default","header-above-stick-meta":"","header-main-stick-meta":"","header-below-stick-meta":"","astra-migrate-meta-layouts":"set","ast-page-background-enabled":"default","ast-page-background-meta":{"desktop":{"background-color":"var(--ast-global-color-4)","background-image":"","background-repeat":"repeat","background-position":"center center","background-size":"auto","background-attachment":"scroll","background-type":"","background-media":"","overlay-type":"","overlay-color":"","overlay-opacity":"","overlay-gradient":""},"tablet":{"background-color":"","background-image":"","background-repeat":"repeat","background-position":"center center","background-size":"auto","background-attachment":"scroll","background-type":"","background-media":"","overlay-type":"","overlay-color":"","overlay-opacity":"","overlay-gradient":""},"mobile":{"background-color":"","background-image":"","background-repeat":"repeat","background-position":"center center","background-size":"auto","background-attachment":"scroll","background-type":"","background-media":"","overlay-type":"","overlay-color":"","overlay-opacity":"","overlay-gradient":""}},"ast-content-background-meta":{"desktop":{"background-color":"var(--ast-global-color-5)","background-image":"","background-repeat":"repeat","background-position":"center center","background-size":"auto","background-attachment":"scroll","background-type":"","background-media":"","overlay-type":"","overlay-color":"","overlay-opacity":"","overlay-gradient":""},"tablet":{"background-color":"var(--ast-global-color-5)","background-image":"","background-repeat":"repeat","background-position":"center center","background-size":"auto","background-attachment":"scroll","background-type":"","background-media":"","overlay-type":"","overlay-color":"","overlay-opacity":"","overlay-gradient":""},"mobile":{"background-color":"var(--ast-global-color-5)","background-image":"","background-repeat":"repeat","background-position":"center center","background-size":"auto","background-attachment":"scroll","background-type":"","background-media":"","overlay-type":"","overlay-color":"","overlay-opacity":"","overlay-gradient":""}},"footnotes":""},"class_list":["post-199","page","type-page","status-publish","hentry"],"_links":{"self":[{"href":"https:\/\/transylvanian-wood-pastures.eu\/en\/wp-json\/wp\/v2\/pages\/199","targetHints":{"allow":["GET"]}}],"collection":[{"href":"https:\/\/transylvanian-wood-pastures.eu\/en\/wp-json\/wp\/v2\/pages"}],"about":[{"href":"https:\/\/transylvanian-wood-pastures.eu\/en\/wp-json\/wp\/v2\/types\/page"}],"author":[{"embeddable":true,"href":"https:\/\/transylvanian-wood-pastures.eu\/en\/wp-json\/wp\/v2\/users\/1"}],"replies":[{"embeddable":true,"href":"https:\/\/transylvanian-wood-pastures.eu\/en\/wp-json\/wp\/v2\/comments?post=199"}],"version-history":[{"count":10,"href":"https:\/\/transylvanian-wood-pastures.eu\/en\/wp-json\/wp\/v2\/pages\/199\/revisions"}],"predecessor-version":[{"id":2321,"href":"https:\/\/transylvanian-wood-pastures.eu\/en\/wp-json\/wp\/v2\/pages\/199\/revisions\/2321"}],"wp:attachment":[{"href":"https:\/\/transylvanian-wood-pastures.eu\/en\/wp-json\/wp\/v2\/media?parent=199"}],"curies":[{"name":"wp","href":"https:\/\/api.w.org\/{rel}","templated":true}]}}